{"id":8,"date":"2019-04-22T10:43:54","date_gmt":"2019-04-22T08:43:54","guid":{"rendered":"http:\/\/www.straz.pulawy.pl\/?page_id=8"},"modified":"2026-01-08T12:03:06","modified_gmt":"2026-01-08T11:03:06","slug":"strona-glowna","status":"publish","type":"page","link":"https:\/\/www.straz.pulawy.pl\/","title":{"rendered":"Strona g\u0142\u00f3wna"},"content":{"rendered":"<p>[vc_row][vc_column][vc_images_carousel images=&#8221;7798,7797&#8243; img_size=&#8221;full&#8221; onclick=&#8221;custom_link&#8221; custom_links_target=&#8221;_blank&#8221; speed=&#8221;4000&#8243; autoplay=&#8221;yes&#8221; wrap=&#8221;yes&#8221; custom_links=&#8221;#E-8_aHR0cHMlM0ElMkYlMkZ3d3cuZ292LnBsJTJGd2ViJTJGcG9yYWRuaWtiZXpwaWVjemVuc3R3YSUyQ2h0dHBzJTNBJTJGJTJGZ2R6aWVzaWV1a3J5Yy5wbCUyRg==&#8221;][\/vc_column][\/vc_row][vc_row][vc_column]\t\t<!-- Slider Section -->\n\t\t<div class=\"container-fluid slider-section no-padding\">\n\t\t\t<!-- Container -->\n\t\t\t<div class=\"container no-padding\">\n\t\t\t\t<div id=\"slider-carousel-home\">\n\t\t\t\t\t<div class=\"row\">\n\t\t\t\t\t\t<div class=\"carousel-inner\" role=\"listbox\">\n\t\t\t\t\t\t\t\t\t\t\t\t\t\t<article class=\"type-slider carousel-item active\">\n\t\t\t\t\t\t\t\t<div class=\"col-lg-7 col-md-6 col-sm-12 post-image no-padding\">\n\t\t\t\t\t\t\t\t\t<img loading=\"lazy\" decoding=\"async\" width=\"770\" height=\"500\" src=\"https:\/\/www.straz.pulawy.pl\/wp-content\/uploads\/2026\/04\/IMG_20260410_130859106_HDR-770x500.jpg\" class=\"attachment-minimag_770_500 size-minimag_770_500 wp-post-image\" alt=\"\" srcset=\"https:\/\/www.straz.pulawy.pl\/wp-content\/uploads\/2026\/04\/IMG_20260410_130859106_HDR-770x500.jpg 770w, https:\/\/www.straz.pulawy.pl\/wp-content\/uploads\/2026\/04\/IMG_20260410_130859106_HDR-370x241.jpg 370w\" sizes=\"auto, (max-width: 770px) 100vw, 770px\" \/>\t\t\t\t\t\t\t\t<\/div>\n\t\t\t\t\t\t\t\t<div class=\"col-lg-5 col-md-6 col-sm-12 post-content no-padding\">\n\t\t\t\t\t\t\t\t\t<div class=\"entry-header\">\n\t\t\t\t\t\t\t\t\t\t<h2 class=\"entry-title\">\n\t\t\t\t\t\t\t\t\t\t\t<a href=\"https:\/\/www.straz.pulawy.pl\/?p=7999\" title=\"Eliminacje Powiatowe 48 Og\u00f3lnopolskiego Turnieju Wiedzy Po\u017carniczej\">Eliminacje Powiatowe 48 Og\u00f3lnopolskiego Turnieju Wiedzy Po\u017carniczej<\/a>\n\t\t\t\t\t\t\t\t\t\t<\/h2>\n\t\t\t\t\t\t\t\t\t<\/div>\n\t\t\t\t\t\t\t\t\t<div class=\"entry-content\">\n\t\t\t\t\t\t\t\t\t\tW dniu 10 kwietnia 2026 roku przeprowadzono eliminacje powiatowe Og\u00f3lnopolskiego Turnieju Wiedzy Po\u017carniczej \u201eM\u0142odzie\u017c Zapobiega Po\u017carom\u201d. W etapie powiatowym konkursu \u0142\u0105cznie udzia\u0142 wzi\u0119\u0142o 18 os\u00f3b.\n\n\n\nTurniej ten jest konkursem popularyzuj\u0105cym przepisy o ochronie przeciwpo\u017carowej, kszta\u0142tuj\u0105cy umiej\u0119tno\u015bci ...\t\t\t\t\t\t\t\t\t\t<div class=\"read-more\">\n\t\t\t\t\t\t\t\t\t\t\t<a href=\"https:\/\/www.straz.pulawy.pl\/?p=7999\" title=\"Read More\">\n\t\t\t\t\t\t\t\t\t\t\t\tRead More\t\t\t\t\t\t\t\t\t\t\t<\/a>\n\t\t\t\t\t\t\t\t\t\t<\/div>\n\t\t\t\t\t\t\t\t\t<\/div>\n\t\t\t\t\t\t\t\t<\/div>\n\t\t\t\t\t\t\t<\/article>\n\t\t\t\t\t\t\t\t\t\t\t\t\t\t<article class=\"type-slider carousel-item\">\n\t\t\t\t\t\t\t\t<div class=\"col-lg-7 col-md-6 col-sm-12 post-image no-padding\">\n\t\t\t\t\t\t\t\t\t<img loading=\"lazy\" decoding=\"async\" width=\"770\" height=\"500\" src=\"https:\/\/www.straz.pulawy.pl\/wp-content\/uploads\/2026\/04\/Zrzut-ekranu-2026-04-07-143530-770x500.png\" class=\"attachment-minimag_770_500 size-minimag_770_500 wp-post-image\" alt=\"\" srcset=\"https:\/\/www.straz.pulawy.pl\/wp-content\/uploads\/2026\/04\/Zrzut-ekranu-2026-04-07-143530-770x500.png 770w, https:\/\/www.straz.pulawy.pl\/wp-content\/uploads\/2026\/04\/Zrzut-ekranu-2026-04-07-143530-370x241.png 370w\" sizes=\"auto, (max-width: 770px) 100vw, 770px\" \/>\t\t\t\t\t\t\t\t<\/div>\n\t\t\t\t\t\t\t\t<div class=\"col-lg-5 col-md-6 col-sm-12 post-content no-padding\">\n\t\t\t\t\t\t\t\t\t<div class=\"entry-header\">\n\t\t\t\t\t\t\t\t\t\t<h2 class=\"entry-title\">\n\t\t\t\t\t\t\t\t\t\t\t<a href=\"https:\/\/www.pulawy.powiat.pl\/aktualnosci\/n,400486,juz-w-najblizsza-sobote-wspolnie-zasadzimy-las.html\" title=\"Wsp\u00f3lnie zasadzimy las\">Wsp\u00f3lnie zasadzimy las<\/a>\n\t\t\t\t\t\t\t\t\t\t<\/h2>\n\t\t\t\t\t\t\t\t\t<\/div>\n\t\t\t\t\t\t\t\t\t<div class=\"entry-content\">\n\t\t\t\t\t\t\t\t\t\tStarosta pu\u0142awski Teresa Gutowska, w\u00f3jt Gminy Pu\u0142awy Kamil Lewandowski oraz nadle\u015bniczy Nadle\u015bnictwa Pu\u0142awy Agata Dryglak zapraszaj\u0105 mieszka\u0144c\u00f3w do udzia\u0142u w wyj\u0105tkowej inicjatywie ekologicznej \u2013 rodzinnym sadzeniu lasu. Wydarzenie odb\u0119dzie si\u0119 w sobot\u0119, 11 kwietnia 2026 ...\t\t\t\t\t\t\t\t\t\t<div class=\"read-more\">\n\t\t\t\t\t\t\t\t\t\t\t<a href=\"https:\/\/www.pulawy.powiat.pl\/aktualnosci\/n,400486,juz-w-najblizsza-sobote-wspolnie-zasadzimy-las.html\" title=\"Read More\">\n\t\t\t\t\t\t\t\t\t\t\t\tRead More\t\t\t\t\t\t\t\t\t\t\t<\/a>\n\t\t\t\t\t\t\t\t\t\t<\/div>\n\t\t\t\t\t\t\t\t\t<\/div>\n\t\t\t\t\t\t\t\t<\/div>\n\t\t\t\t\t\t\t<\/article>\n\t\t\t\t\t\t\t\t\t\t\t\t\t\t<article class=\"type-slider carousel-item\">\n\t\t\t\t\t\t\t\t<div class=\"col-lg-7 col-md-6 col-sm-12 post-image no-padding\">\n\t\t\t\t\t\t\t\t\t<img loading=\"lazy\" decoding=\"async\" width=\"770\" height=\"500\" src=\"https:\/\/www.straz.pulawy.pl\/wp-content\/uploads\/2026\/03\/649045636_1220475193591633_5977520129874784721_n-770x500.jpg\" class=\"attachment-minimag_770_500 size-minimag_770_500 wp-post-image\" alt=\"\" srcset=\"https:\/\/www.straz.pulawy.pl\/wp-content\/uploads\/2026\/03\/649045636_1220475193591633_5977520129874784721_n-770x500.jpg 770w, https:\/\/www.straz.pulawy.pl\/wp-content\/uploads\/2026\/03\/649045636_1220475193591633_5977520129874784721_n-370x241.jpg 370w\" sizes=\"auto, (max-width: 770px) 100vw, 770px\" \/>\t\t\t\t\t\t\t\t<\/div>\n\t\t\t\t\t\t\t\t<div class=\"col-lg-5 col-md-6 col-sm-12 post-content no-padding\">\n\t\t\t\t\t\t\t\t\t<div class=\"entry-header\">\n\t\t\t\t\t\t\t\t\t\t<h2 class=\"entry-title\">\n\t\t\t\t\t\t\t\t\t\t\t<a href=\"https:\/\/www.gov.pl\/web\/kgpsp\/Kampania-Stop-Pozarom-Traw\" title=\"Kampania Stop Po\u017carom Traw\">Kampania Stop Po\u017carom Traw<\/a>\n\t\t\t\t\t\t\t\t\t\t<\/h2>\n\t\t\t\t\t\t\t\t\t<\/div>\n\t\t\t\t\t\t\t\t\t<div class=\"entry-content\">\n\t\t\t\t\t\t\t\t\t\tKa\u017cdego roku na wiosn\u0119 s\u0142yszymy o licznych po\u017carach traw, kt\u00f3re stanowi\u0105 powa\u017cne zagro\u017cenie dla \u015brodowiska, ludzi i zwierz\u0105t. W Polsce regularnie dochodzi do wypalania traw mimo, \u017ce jest to nielegalne i bardzo niebezpieczne. Z my\u015bl\u0105 ...\t\t\t\t\t\t\t\t\t\t<div class=\"read-more\">\n\t\t\t\t\t\t\t\t\t\t\t<a href=\"https:\/\/www.gov.pl\/web\/kgpsp\/Kampania-Stop-Pozarom-Traw\" title=\"Read More\">\n\t\t\t\t\t\t\t\t\t\t\t\tRead More\t\t\t\t\t\t\t\t\t\t\t<\/a>\n\t\t\t\t\t\t\t\t\t\t<\/div>\n\t\t\t\t\t\t\t\t\t<\/div>\n\t\t\t\t\t\t\t\t<\/div>\n\t\t\t\t\t\t\t<\/article>\n\t\t\t\t\t\t\t\t\t\t\t\t\t<\/div>\n\t\t\t\t\t\t<div class=\"col-lg-5 col-md-6 col-sm-12 carousel-navigation no-padding\"><\/div>\n\t\t\t\t\t<\/div>\n\t\t\t\t<\/div>\n\t\t\t<\/div><!-- Container \/- -->\n\t\t<\/div><!-- Slider Section \/- -->\n\n\t\t<script>\n\t\tjQuery('#slider-carousel-home .carousel-inner').slick({\n\t\t\tdots: true,\n  \t\t\tarrows: false,\n\t\t\tadaptiveHeight: true,\n\t\t\tautoplay: true,\n\t\t\tautoplaySpeed: 5000,\n\t\t\tappendDots: '#slider-carousel-home .carousel-navigation'\n\t\t});\n\t\t<\/script>\n\t\t[\/vc_column][\/vc_row][vc_row][vc_column width=&#8221;2\/3&#8243;]\n\t<!-- Page Content -->\n\t<div class=\"container-fluid no-left-padding no-right-padding posts-excerpts-list\">\n\t\t<!-- Container -->\n\t\t<div class=\"container no-padding\">\n\t\t\t<!-- Row -->\n\t\t\t<div class=\"row\">\n\t\t\t\t\t\t\t\t\t<article id=\"post-7999\">\n\t\t\t\t\t\t<div class=\"col-12 col-md-12 col-sm-6 blog-paralle\">\n\t\t\t\t\t\t\t<div class=\"post-7999 post type-post status-publish format-standard has-post-thumbnail hentry category-aktualnosci category-wazny-news\">\n\t\t\t\t\t\t\t\t\t\t\t\t\t\t\t\t\t\t<div class=\"entry-cover\">\n\t\t\t\t\t\t\t\t\t\t\t<div class=\"post-meta\">\n\t\t\t\t\t\t\t\t\t\t\t<\/div>\n\t\t\t\t\t\t\t\t\t\t\t<a href=\"https:\/\/www.straz.pulawy.pl\/?p=7999\" title=\"Eliminacje Powiatowe 48 Og\u00f3lnopolskiego Turnieju Wiedzy Po\u017carniczej\">\n\t\t\t\t\t\t\t\t\t\t\t\t<img loading=\"lazy\" decoding=\"async\" width=\"370\" height=\"247\" src=\"https:\/\/www.straz.pulawy.pl\/wp-content\/uploads\/2026\/04\/IMG_20260410_130859106_HDR-370x247.jpg\" class=\"attachment-minimag_370_247 size-minimag_370_247 wp-post-image\" alt=\"\" srcset=\"https:\/\/www.straz.pulawy.pl\/wp-content\/uploads\/2026\/04\/IMG_20260410_130859106_HDR-370x247.jpg 370w, https:\/\/www.straz.pulawy.pl\/wp-content\/uploads\/2026\/04\/IMG_20260410_130859106_HDR-345x230.jpg 345w, https:\/\/www.straz.pulawy.pl\/wp-content\/uploads\/2026\/04\/IMG_20260410_130859106_HDR-770x513.jpg 770w, https:\/\/www.straz.pulawy.pl\/wp-content\/uploads\/2026\/04\/IMG_20260410_130859106_HDR-440x294.jpg 440w, https:\/\/www.straz.pulawy.pl\/wp-content\/uploads\/2026\/04\/IMG_20260410_130859106_HDR-570x380.jpg 570w, https:\/\/www.straz.pulawy.pl\/wp-content\/uploads\/2026\/04\/IMG_20260410_130859106_HDR-170x113.jpg 170w\" sizes=\"auto, (max-width: 370px) 100vw, 370px\" \/>\t\t\t\t\t\t\t\t\t\t\t<\/a>\n\t\t\t\t\t\t\t\t\t\t<\/div>\n\t\t\t\t\t\t\t\t\t\t\t\t\t\t\t\t\t\t<div class=\"entry-content\">\n\t\t\t\t\t\t\t\t\t<div class=\"entry-header\">\n\t\t\t\t\t\t\t\t\t\t<h3 class=\"entry-title\">\n\t\t\t\t\t\t\t\t\t\t\t<a href=\"https:\/\/www.straz.pulawy.pl\/?p=7999\" title=\"Eliminacje Powiatowe 48 Og\u00f3lnopolskiego Turnieju Wiedzy Po\u017carniczej\">Eliminacje Powiatowe 48 Og\u00f3lnopolskiego Turnieju Wiedzy Po\u017carniczej<\/a>\n\t\t\t\t\t\t\t\t\t\t<\/h3>\n\t\t\t\t\t\t\t\t\t<\/div>\n\t\t\t\t\t\t\t\t\t<p>W dniu 10 kwietnia 2026 roku przeprowadzono eliminacje powiatowe Og\u00f3lnopolskiego Turnieju Wiedzy Po\u017carniczej \u201eM\u0142odzie\u017c Zapobiega Po\u017carom\u201d. W etapie powiatowym konkursu \u0142\u0105cznie udzia\u0142 wzi\u0119\u0142o 18 os\u00f3b.\n\n\n\nTurniej ten jest konkursem popularyzuj\u0105cym przepisy o ochronie przeciwpo\u017carowej, kszta\u0142tuj\u0105cy umiej\u0119tno\u015bci ...<\/p>\n\t\t\t\t\t\t\t\t\t<div class=\"entry-footer\">\n\t\t\t\t\t\t\t\t\t\t<div class=\"entry-read-more\">\n\t\t\t\t\t\t\t\t\t\t\t<a href=\"https:\/\/www.straz.pulawy.pl\/?p=7999\" title=\"Read More\">\n\t\t\t\t\t\t\t\t\t\t\t\tRead More\t\t\t\t\t\t\t\t\t\t\t<\/a>\n\t\t\t\t\t\t\t\t\t\t<\/div>\n\t\t\t\t\t\t\t\t\t\t\t\t\t\t\t\t\t\t\t\t\t<div class=\"entry-categories\">\n\t\t\t\t\t\t\t\t\t\t\t\t<a href=\"https:\/\/www.straz.pulawy.pl\/?cat=1\" rel=\"category\">Aktualno\u015bci<\/a>, <a href=\"https:\/\/www.straz.pulawy.pl\/?cat=3\" rel=\"category\">Wa\u017cny news<\/a>\t\t\t\t\t\t\t\t\t\t\t<\/div>\n\t\t\t\t\t\t\t\t\t\t\t\t\t\t\t\t\t\t\t\t<\/div>\n\t\t\t\t\t\t\t\t<\/div>\n\t\t\t\t\t\t\t<\/div>\n\t\t\t\t\t\t<\/div>\n\t\t\t\t\t<\/article>\n\t\t\t\t\t\t\t\t\t\t<article id=\"post-7995\">\n\t\t\t\t\t\t<div class=\"col-12 col-md-12 col-sm-6 blog-paralle\">\n\t\t\t\t\t\t\t<div class=\"post-7995 post type-post status-publish format-standard has-post-thumbnail hentry category-aktualnosci\">\n\t\t\t\t\t\t\t\t\t\t\t\t\t\t\t\t\t\t<div class=\"entry-cover\">\n\t\t\t\t\t\t\t\t\t\t\t<div class=\"post-meta\">\n\t\t\t\t\t\t\t\t\t\t\t<\/div>\n\t\t\t\t\t\t\t\t\t\t\t<a href=\"https:\/\/www.straz.pulawy.pl\/?p=7995\" title=\"Rozpocz\u0119cie szkolenia podstawowego stra\u017caka ratownika OSP\">\n\t\t\t\t\t\t\t\t\t\t\t\t<img loading=\"lazy\" decoding=\"async\" width=\"370\" height=\"247\" src=\"https:\/\/www.straz.pulawy.pl\/wp-content\/uploads\/2026\/04\/670316866_1377109107795733_2212968647826497365_n-370x247.jpg\" class=\"attachment-minimag_370_247 size-minimag_370_247 wp-post-image\" alt=\"\" srcset=\"https:\/\/www.straz.pulawy.pl\/wp-content\/uploads\/2026\/04\/670316866_1377109107795733_2212968647826497365_n-370x247.jpg 370w, https:\/\/www.straz.pulawy.pl\/wp-content\/uploads\/2026\/04\/670316866_1377109107795733_2212968647826497365_n-345x230.jpg 345w, https:\/\/www.straz.pulawy.pl\/wp-content\/uploads\/2026\/04\/670316866_1377109107795733_2212968647826497365_n-770x513.jpg 770w, https:\/\/www.straz.pulawy.pl\/wp-content\/uploads\/2026\/04\/670316866_1377109107795733_2212968647826497365_n-440x294.jpg 440w, https:\/\/www.straz.pulawy.pl\/wp-content\/uploads\/2026\/04\/670316866_1377109107795733_2212968647826497365_n-570x380.jpg 570w, https:\/\/www.straz.pulawy.pl\/wp-content\/uploads\/2026\/04\/670316866_1377109107795733_2212968647826497365_n-170x113.jpg 170w\" sizes=\"auto, (max-width: 370px) 100vw, 370px\" \/>\t\t\t\t\t\t\t\t\t\t\t<\/a>\n\t\t\t\t\t\t\t\t\t\t<\/div>\n\t\t\t\t\t\t\t\t\t\t\t\t\t\t\t\t\t\t<div class=\"entry-content\">\n\t\t\t\t\t\t\t\t\t<div class=\"entry-header\">\n\t\t\t\t\t\t\t\t\t\t<h3 class=\"entry-title\">\n\t\t\t\t\t\t\t\t\t\t\t<a href=\"https:\/\/www.straz.pulawy.pl\/?p=7995\" title=\"Rozpocz\u0119cie szkolenia podstawowego stra\u017caka ratownika OSP\">Rozpocz\u0119cie szkolenia podstawowego stra\u017caka ratownika OSP<\/a>\n\t\t\t\t\t\t\t\t\t\t<\/h3>\n\t\t\t\t\t\t\t\t\t<\/div>\n\t\t\t\t\t\t\t\t\t<p>8 kwietnia 2026 r. rozpocz\u0119\u0142o si\u0119 szkolenie podstawowe stra\u017cak\u00f3w ratownik\u00f3w OSP. W szkoleniu bierze udzia\u0142 41 druh\u00f3w z jednostek Ochotniczych Stra\u017cy Po\u017carnych z terenu powiatu pu\u0142awskiego, kt\u00f3rzy nabywaj\u0105 umiej\u0119tno\u015bci i kwalifikacje niezb\u0119dne do bezpo\u015bredniego udzia\u0142u ...<\/p>\n\t\t\t\t\t\t\t\t\t<div class=\"entry-footer\">\n\t\t\t\t\t\t\t\t\t\t<div class=\"entry-read-more\">\n\t\t\t\t\t\t\t\t\t\t\t<a href=\"https:\/\/www.straz.pulawy.pl\/?p=7995\" title=\"Read More\">\n\t\t\t\t\t\t\t\t\t\t\t\tRead More\t\t\t\t\t\t\t\t\t\t\t<\/a>\n\t\t\t\t\t\t\t\t\t\t<\/div>\n\t\t\t\t\t\t\t\t\t\t\t\t\t\t\t\t\t\t\t\t\t<div class=\"entry-categories\">\n\t\t\t\t\t\t\t\t\t\t\t\t<a href=\"https:\/\/www.straz.pulawy.pl\/?cat=1\" rel=\"category\">Aktualno\u015bci<\/a>\t\t\t\t\t\t\t\t\t\t\t<\/div>\n\t\t\t\t\t\t\t\t\t\t\t\t\t\t\t\t\t\t\t\t<\/div>\n\t\t\t\t\t\t\t\t<\/div>\n\t\t\t\t\t\t\t<\/div>\n\t\t\t\t\t\t<\/div>\n\t\t\t\t\t<\/article>\n\t\t\t\t\t\t\t\t\t\t<article id=\"post-7990\">\n\t\t\t\t\t\t<div class=\"col-12 col-md-12 col-sm-6 blog-paralle\">\n\t\t\t\t\t\t\t<div class=\"post-7990 post type-post status-publish format-standard has-post-thumbnail hentry category-aktualnosci category-wazny-news\">\n\t\t\t\t\t\t\t\t\t\t\t\t\t\t\t\t\t\t<div class=\"entry-cover\">\n\t\t\t\t\t\t\t\t\t\t\t<div class=\"post-meta\">\n\t\t\t\t\t\t\t\t\t\t\t<\/div>\n\t\t\t\t\t\t\t\t\t\t\t<a href=\"https:\/\/www.pulawy.powiat.pl\/aktualnosci\/n,400486,juz-w-najblizsza-sobote-wspolnie-zasadzimy-las.html\" title=\"Wsp\u00f3lnie zasadzimy las\">\n\t\t\t\t\t\t\t\t\t\t\t\t<img loading=\"lazy\" decoding=\"async\" width=\"370\" height=\"247\" src=\"https:\/\/www.straz.pulawy.pl\/wp-content\/uploads\/2026\/04\/Zrzut-ekranu-2026-04-07-143530-370x247.png\" class=\"attachment-minimag_370_247 size-minimag_370_247 wp-post-image\" alt=\"\" srcset=\"https:\/\/www.straz.pulawy.pl\/wp-content\/uploads\/2026\/04\/Zrzut-ekranu-2026-04-07-143530-370x247.png 370w, https:\/\/www.straz.pulawy.pl\/wp-content\/uploads\/2026\/04\/Zrzut-ekranu-2026-04-07-143530-345x230.png 345w, https:\/\/www.straz.pulawy.pl\/wp-content\/uploads\/2026\/04\/Zrzut-ekranu-2026-04-07-143530-770x513.png 770w, https:\/\/www.straz.pulawy.pl\/wp-content\/uploads\/2026\/04\/Zrzut-ekranu-2026-04-07-143530-440x294.png 440w, https:\/\/www.straz.pulawy.pl\/wp-content\/uploads\/2026\/04\/Zrzut-ekranu-2026-04-07-143530-570x380.png 570w, https:\/\/www.straz.pulawy.pl\/wp-content\/uploads\/2026\/04\/Zrzut-ekranu-2026-04-07-143530-170x113.png 170w\" sizes=\"auto, (max-width: 370px) 100vw, 370px\" \/>\t\t\t\t\t\t\t\t\t\t\t<\/a>\n\t\t\t\t\t\t\t\t\t\t<\/div>\n\t\t\t\t\t\t\t\t\t\t\t\t\t\t\t\t\t\t<div class=\"entry-content\">\n\t\t\t\t\t\t\t\t\t<div class=\"entry-header\">\n\t\t\t\t\t\t\t\t\t\t<h3 class=\"entry-title\">\n\t\t\t\t\t\t\t\t\t\t\t<a href=\"https:\/\/www.pulawy.powiat.pl\/aktualnosci\/n,400486,juz-w-najblizsza-sobote-wspolnie-zasadzimy-las.html\" title=\"Wsp\u00f3lnie zasadzimy las\">Wsp\u00f3lnie zasadzimy las<\/a>\n\t\t\t\t\t\t\t\t\t\t<\/h3>\n\t\t\t\t\t\t\t\t\t<\/div>\n\t\t\t\t\t\t\t\t\t<p>Starosta pu\u0142awski Teresa Gutowska, w\u00f3jt Gminy Pu\u0142awy Kamil Lewandowski oraz nadle\u015bniczy Nadle\u015bnictwa Pu\u0142awy Agata Dryglak zapraszaj\u0105 mieszka\u0144c\u00f3w do udzia\u0142u w wyj\u0105tkowej inicjatywie ekologicznej \u2013 rodzinnym sadzeniu lasu. Wydarzenie odb\u0119dzie si\u0119 w sobot\u0119, 11 kwietnia 2026 ...<\/p>\n\t\t\t\t\t\t\t\t\t<div class=\"entry-footer\">\n\t\t\t\t\t\t\t\t\t\t<div class=\"entry-read-more\">\n\t\t\t\t\t\t\t\t\t\t\t<a href=\"https:\/\/www.pulawy.powiat.pl\/aktualnosci\/n,400486,juz-w-najblizsza-sobote-wspolnie-zasadzimy-las.html\" title=\"Read More\">\n\t\t\t\t\t\t\t\t\t\t\t\tRead More\t\t\t\t\t\t\t\t\t\t\t<\/a>\n\t\t\t\t\t\t\t\t\t\t<\/div>\n\t\t\t\t\t\t\t\t\t\t\t\t\t\t\t\t\t\t\t\t\t<div class=\"entry-categories\">\n\t\t\t\t\t\t\t\t\t\t\t\t<a href=\"https:\/\/www.straz.pulawy.pl\/?cat=1\" rel=\"category\">Aktualno\u015bci<\/a>, <a href=\"https:\/\/www.straz.pulawy.pl\/?cat=3\" rel=\"category\">Wa\u017cny news<\/a>\t\t\t\t\t\t\t\t\t\t\t<\/div>\n\t\t\t\t\t\t\t\t\t\t\t\t\t\t\t\t\t\t\t\t<\/div>\n\t\t\t\t\t\t\t\t<\/div>\n\t\t\t\t\t\t\t<\/div>\n\t\t\t\t\t\t<\/div>\n\t\t\t\t\t<\/article>\n\t\t\t\t\t\t\t\t\t\t<article id=\"post-7979\">\n\t\t\t\t\t\t<div class=\"col-12 col-md-12 col-sm-6 blog-paralle\">\n\t\t\t\t\t\t\t<div class=\"post-7979 post type-post status-publish format-standard has-post-thumbnail hentry category-aktualnosci\">\n\t\t\t\t\t\t\t\t\t\t\t\t\t\t\t\t\t\t<div class=\"entry-cover\">\n\t\t\t\t\t\t\t\t\t\t\t<div class=\"post-meta\">\n\t\t\t\t\t\t\t\t\t\t\t<\/div>\n\t\t\t\t\t\t\t\t\t\t\t<a href=\"https:\/\/www.straz.pulawy.pl\/?p=7979\" title=\"\u017byczenia \u015bwi\u0105teczne MSWiA, KG PSP, KW PSP, KP PSP.\">\n\t\t\t\t\t\t\t\t\t\t\t\t<img loading=\"lazy\" decoding=\"async\" width=\"370\" height=\"247\" src=\"https:\/\/www.straz.pulawy.pl\/wp-content\/uploads\/2026\/04\/658970194_1369644668542177_4949005734425761852_n-370x247.jpg\" class=\"attachment-minimag_370_247 size-minimag_370_247 wp-post-image\" alt=\"\" srcset=\"https:\/\/www.straz.pulawy.pl\/wp-content\/uploads\/2026\/04\/658970194_1369644668542177_4949005734425761852_n-370x247.jpg 370w, https:\/\/www.straz.pulawy.pl\/wp-content\/uploads\/2026\/04\/658970194_1369644668542177_4949005734425761852_n-345x230.jpg 345w, https:\/\/www.straz.pulawy.pl\/wp-content\/uploads\/2026\/04\/658970194_1369644668542177_4949005734425761852_n-770x513.jpg 770w, https:\/\/www.straz.pulawy.pl\/wp-content\/uploads\/2026\/04\/658970194_1369644668542177_4949005734425761852_n-440x294.jpg 440w, https:\/\/www.straz.pulawy.pl\/wp-content\/uploads\/2026\/04\/658970194_1369644668542177_4949005734425761852_n-570x380.jpg 570w, https:\/\/www.straz.pulawy.pl\/wp-content\/uploads\/2026\/04\/658970194_1369644668542177_4949005734425761852_n-170x113.jpg 170w\" sizes=\"auto, (max-width: 370px) 100vw, 370px\" \/>\t\t\t\t\t\t\t\t\t\t\t<\/a>\n\t\t\t\t\t\t\t\t\t\t<\/div>\n\t\t\t\t\t\t\t\t\t\t\t\t\t\t\t\t\t\t<div class=\"entry-content\">\n\t\t\t\t\t\t\t\t\t<div class=\"entry-header\">\n\t\t\t\t\t\t\t\t\t\t<h3 class=\"entry-title\">\n\t\t\t\t\t\t\t\t\t\t\t<a href=\"https:\/\/www.straz.pulawy.pl\/?p=7979\" title=\"\u017byczenia \u015bwi\u0105teczne MSWiA, KG PSP, KW PSP, KP PSP.\">\u017byczenia \u015bwi\u0105teczne MSWiA, KG PSP, KW PSP, KP PSP.<\/a>\n\t\t\t\t\t\t\t\t\t\t<\/h3>\n\t\t\t\t\t\t\t\t\t<\/div>\n\t\t\t\t\t\t\t\t\t<p>\u017byczenia \u015bwi\u0105teczne Ministra Spraw Wewn\u0119trznych i Administracji Marcina Kierwi\u0144skieggo, Komendanta G\u0142\u00f3wnego Pa\u0144stwowej Stra\u017cy Po\u017carnej nadbryg. Wojciecha Kruczka, Lubelskiego Komendanta Wojew\u00f3dzkiego Pa\u0144stwowej Stra\u017cy Po\u017carnej st. bryg. Zenona Pisiewicza i Komendanta Powiatowego Pa\u0144stwowej Stra\u017cy Po\u017carnej w Pu\u0142awach ...<\/p>\n\t\t\t\t\t\t\t\t\t<div class=\"entry-footer\">\n\t\t\t\t\t\t\t\t\t\t<div class=\"entry-read-more\">\n\t\t\t\t\t\t\t\t\t\t\t<a href=\"https:\/\/www.straz.pulawy.pl\/?p=7979\" title=\"Read More\">\n\t\t\t\t\t\t\t\t\t\t\t\tRead More\t\t\t\t\t\t\t\t\t\t\t<\/a>\n\t\t\t\t\t\t\t\t\t\t<\/div>\n\t\t\t\t\t\t\t\t\t\t\t\t\t\t\t\t\t\t\t\t\t<div class=\"entry-categories\">\n\t\t\t\t\t\t\t\t\t\t\t\t<a href=\"https:\/\/www.straz.pulawy.pl\/?cat=1\" rel=\"category\">Aktualno\u015bci<\/a>\t\t\t\t\t\t\t\t\t\t\t<\/div>\n\t\t\t\t\t\t\t\t\t\t\t\t\t\t\t\t\t\t\t\t<\/div>\n\t\t\t\t\t\t\t\t<\/div>\n\t\t\t\t\t\t\t<\/div>\n\t\t\t\t\t\t<\/div>\n\t\t\t\t\t<\/article>\n\t\t\t\t\t<\/div><!-- Row \/- -->\n\t<nav class=\"navigation pagination\" aria-label=\"Stronicowanie wpis\u00f3w\">\n\t\t<h2 class=\"screen-reader-text\">Stronicowanie wpis\u00f3w<\/h2>\n\t\t<div class=\"nav-links\"><span aria-current=\"page\" class=\"page-numbers current\"><span class=\"meta-nav screen-reader-text\">Page <\/span>1<\/span>\n<a class=\"page-numbers\" href=\"https:\/\/www.straz.pulawy.pl\/index.php\/?paged=2&#038;rest_route=%2Fwp%2Fv2%2Fpages%2F8\"><span class=\"meta-nav screen-reader-text\">Page <\/span>2<\/a>\n<span class=\"page-numbers dots\">&hellip;<\/span>\n<a class=\"page-numbers\" href=\"https:\/\/www.straz.pulawy.pl\/index.php\/?paged=101&#038;rest_route=%2Fwp%2Fv2%2Fpages%2F8\"><span class=\"meta-nav screen-reader-text\">Page <\/span>101<\/a>\n<a class=\"next page-numbers\" href=\"https:\/\/www.straz.pulawy.pl\/index.php\/?paged=2&#038;rest_route=%2Fwp%2Fv2%2Fpages%2F8\">Next<\/a><\/div>\n\t<\/nav>\t\t<\/div><!-- Container \/- -->\n\t<\/div><!-- Page Content \/- -->\n\n\t[\/vc_column][vc_column width=&#8221;1\/3&#8243;][vc_widget_sidebar sidebar_id=&#8221;sidebar-3&#8243;][\/vc_column][\/vc_row]<\/p>\n","protected":false},"excerpt":{"rendered":"<p>[vc_row][vc_column][vc_images_carousel images=&#8221;7798,7797&#8243; img_size=&#8221;full&#8221; onclick=&#8221;custom_link&#8221; custom_links_target=&#8221;_blank&#8221; speed=&#8221;4000&#8243; autoplay=&#8221;yes&#8221; wrap=&#8221;yes&#8221; custom_links=&#8221;#E-8_aHR0cHMlM0ElMkYlMkZ3d3cuZ292LnBsJTJGd2ViJTJGcG9yYWRuaWtiZXpwaWVjemVuc3R3YSUyQ2h0dHBzJTNBJTJGJTJGZ2R6aWVzaWV1a3J5Yy5wbCUyRg==&#8221;][\/vc_column][\/vc_row][vc_row][vc_column][\/vc_column][\/vc_row][vc_row][vc_column width=&#8221;2\/3&#8243;][\/vc_column][vc_column width=&#8221;1\/3&#8243;][vc_widget_sidebar sidebar_id=&#8221;sidebar-3&#8243;][\/vc_column][\/vc_row]<\/p>\n","protected":false},"author":2,"featured_media":0,"parent":0,"menu_order":0,"comment_status":"closed","ping_status":"closed","template":"","meta":{"footnotes":"","_links_to":"","_links_to_target":""},"class_list":["post-8","page","type-page","status-publish","hentry","has-post-thumbnail"],"_links":{"self":[{"href":"https:\/\/www.straz.pulawy.pl\/index.php?rest_route=\/wp\/v2\/pages\/8","targetHints":{"allow":["GET"]}}],"collection":[{"href":"https:\/\/www.straz.pulawy.pl\/index.php?rest_route=\/wp\/v2\/pages"}],"about":[{"href":"https:\/\/www.straz.pulawy.pl\/index.php?rest_route=\/wp\/v2\/types\/page"}],"author":[{"embeddable":true,"href":"https:\/\/www.straz.pulawy.pl\/index.php?rest_route=\/wp\/v2\/users\/2"}],"replies":[{"embeddable":true,"href":"https:\/\/www.straz.pulawy.pl\/index.php?rest_route=%2Fwp%2Fv2%2Fcomments&post=8"}],"version-history":[{"count":16,"href":"https:\/\/www.straz.pulawy.pl\/index.php?rest_route=\/wp\/v2\/pages\/8\/revisions"}],"predecessor-version":[{"id":7800,"href":"https:\/\/www.straz.pulawy.pl\/index.php?rest_route=\/wp\/v2\/pages\/8\/revisions\/7800"}],"wp:attachment":[{"href":"https:\/\/www.straz.pulawy.pl\/index.php?rest_route=%2Fwp%2Fv2%2Fmedia&parent=8"}],"curies":[{"name":"wp","href":"https:\/\/api.w.org\/{rel}","templated":true}]}}