{"id":7255,"date":"2025-03-02T22:22:22","date_gmt":"2025-03-02T21:22:22","guid":{"rendered":"https:\/\/www.straz.pulawy.pl\/?page_id=7255"},"modified":"2025-03-02T22:36:41","modified_gmt":"2025-03-02T21:36:41","slug":"kontakt-2","status":"publish","type":"page","link":"https:\/\/www.straz.pulawy.pl\/?page_id=7255","title":{"rendered":"Kontakt z OP ZOSP RP"},"content":{"rendered":"\n<p>e-mail: zosprp@straz.pulawy.pl<\/p>\n\n\n\n<p>tel. 0-693-486-080<\/p>\n\n\n\n<p>Siedziba: Oddzia\u0142 Powiatowy ZOSP RP, 24-100 Pu\u0142awy, Al. Kr\u00f3lewska 19<\/p>\n\n\n\n<p>Adres do korespondencji: Oddzia\u0142 Powiatowy ZOSP RP, 24-100 Pu\u0142awy, ul. Lubelska 51<\/p>\n\n\n\n<p><\/p>\n","protected":false},"excerpt":{"rendered":"<p>e-mail: zosprp@straz.pulawy.pl tel. 0-693-486-080 Siedziba: Oddzia\u0142 Powiatowy ZOSP RP, 24-100 Pu\u0142awy, Al. Kr\u00f3lewska 19 Adres do korespondencji: Oddzia\u0142 Powiatowy ZOSP RP, 24-100 Pu\u0142awy, ul. Lubelska 51<\/p>\n","protected":false},"author":2,"featured_media":0,"parent":0,"menu_order":0,"comment_status":"closed","ping_status":"closed","template":"","meta":{"footnotes":"","_links_to":"","_links_to_target":""},"class_list":["post-7255","page","type-page","status-publish","hentry"],"_links":{"self":[{"href":"https:\/\/www.straz.pulawy.pl\/index.php?rest_route=\/wp\/v2\/pages\/7255","targetHints":{"allow":["GET"]}}],"collection":[{"href":"https:\/\/www.straz.pulawy.pl\/index.php?rest_route=\/wp\/v2\/pages"}],"about":[{"href":"https:\/\/www.straz.pulawy.pl\/index.php?rest_route=\/wp\/v2\/types\/page"}],"author":[{"embeddable":true,"href":"https:\/\/www.straz.pulawy.pl\/index.php?rest_route=\/wp\/v2\/users\/2"}],"replies":[{"embeddable":true,"href":"https:\/\/www.straz.pulawy.pl\/index.php?rest_route=%2Fwp%2Fv2%2Fcomments&post=7255"}],"version-history":[{"count":3,"href":"https:\/\/www.straz.pulawy.pl\/index.php?rest_route=\/wp\/v2\/pages\/7255\/revisions"}],"predecessor-version":[{"id":7272,"href":"https:\/\/www.straz.pulawy.pl\/index.php?rest_route=\/wp\/v2\/pages\/7255\/revisions\/7272"}],"wp:attachment":[{"href":"https:\/\/www.straz.pulawy.pl\/index.php?rest_route=%2Fwp%2Fv2%2Fmedia&parent=7255"}],"curies":[{"name":"wp","href":"https:\/\/api.w.org\/{rel}","templated":true}]}}