{"id":4857,"date":"2021-09-24T14:03:29","date_gmt":"2021-09-24T12:03:29","guid":{"rendered":"https:\/\/www.straz.pulawy.pl\/?page_id=4857"},"modified":"2025-07-11T09:42:48","modified_gmt":"2025-07-11T07:42:48","slug":"wnioski-o-zapewnienie-dostepnosci","status":"publish","type":"page","link":"https:\/\/www.straz.pulawy.pl\/?page_id=4857","title":{"rendered":"Wnioski o zapewnienie dost\u0119pno\u015bci"},"content":{"rendered":"<p style=\"text-align: left;\"><a href=\"_wp_link_placeholder\" data-wplink-edit=\"true\">Wniosek o zapewnienie dost\u0119pno\u015bci (kliknij tutaj)<\/a><\/p>\n<p><a href=\"https:\/\/www.straz.pulawy.pl\/wp-content\/uploads\/2025\/07\/Wniosek-o-zapewnienie-tlumacza-online-2025.docx\">Wniosek o zapewnienie t\u0142umacza online (kliknij tutaj)<\/a><\/p>\n\n\n<p><\/p>\n","protected":false},"excerpt":{"rendered":"<p>Wniosek o zapewnienie dost\u0119pno\u015bci (kliknij tutaj) Wniosek o zapewnienie t\u0142umacza online (kliknij tutaj)<\/p>\n","protected":false},"author":9,"featured_media":0,"parent":0,"menu_order":0,"comment_status":"closed","ping_status":"closed","template":"","meta":{"footnotes":"","_links_to":"","_links_to_target":""},"class_list":["post-4857","page","type-page","status-publish","hentry"],"_links":{"self":[{"href":"https:\/\/www.straz.pulawy.pl\/index.php?rest_route=\/wp\/v2\/pages\/4857","targetHints":{"allow":["GET"]}}],"collection":[{"href":"https:\/\/www.straz.pulawy.pl\/index.php?rest_route=\/wp\/v2\/pages"}],"about":[{"href":"https:\/\/www.straz.pulawy.pl\/index.php?rest_route=\/wp\/v2\/types\/page"}],"author":[{"embeddable":true,"href":"https:\/\/www.straz.pulawy.pl\/index.php?rest_route=\/wp\/v2\/users\/9"}],"replies":[{"embeddable":true,"href":"https:\/\/www.straz.pulawy.pl\/index.php?rest_route=%2Fwp%2Fv2%2Fcomments&post=4857"}],"version-history":[{"count":5,"href":"https:\/\/www.straz.pulawy.pl\/index.php?rest_route=\/wp\/v2\/pages\/4857\/revisions"}],"predecessor-version":[{"id":7488,"href":"https:\/\/www.straz.pulawy.pl\/index.php?rest_route=\/wp\/v2\/pages\/4857\/revisions\/7488"}],"wp:attachment":[{"href":"https:\/\/www.straz.pulawy.pl\/index.php?rest_route=%2Fwp%2Fv2%2Fmedia&parent=4857"}],"curies":[{"name":"wp","href":"https:\/\/api.w.org\/{rel}","templated":true}]}}