{"id":2920,"date":"2019-06-18T11:17:03","date_gmt":"2019-06-18T09:17:03","guid":{"rendered":"http:\/\/www.straz.pulawy.pl\/?page_id=2920"},"modified":"2019-06-18T11:17:17","modified_gmt":"2019-06-18T09:17:17","slug":"zeirp-rp","status":"publish","type":"page","link":"https:\/\/www.straz.pulawy.pl\/?page_id=2920","title":{"rendered":"ZEIRP RP"},"content":{"rendered":"<h3>Spotkania odbywaj\u0105 si\u0119 w ka\u017cd\u0105 pierwsz\u0105 \u015brod\u0119 miesi\u0105ca o godzinie 9.00.<\/h3>\n","protected":false},"excerpt":{"rendered":"<p>Spotkania odbywaj\u0105 si\u0119 w ka\u017cd\u0105 pierwsz\u0105 \u015brod\u0119 miesi\u0105ca o godzinie 9.00.<\/p>\n","protected":false},"author":2,"featured_media":0,"parent":0,"menu_order":0,"comment_status":"closed","ping_status":"closed","template":"","meta":{"footnotes":"","_links_to":"","_links_to_target":""},"class_list":["post-2920","page","type-page","status-publish","hentry"],"_links":{"self":[{"href":"https:\/\/www.straz.pulawy.pl\/index.php?rest_route=\/wp\/v2\/pages\/2920","targetHints":{"allow":["GET"]}}],"collection":[{"href":"https:\/\/www.straz.pulawy.pl\/index.php?rest_route=\/wp\/v2\/pages"}],"about":[{"href":"https:\/\/www.straz.pulawy.pl\/index.php?rest_route=\/wp\/v2\/types\/page"}],"author":[{"embeddable":true,"href":"https:\/\/www.straz.pulawy.pl\/index.php?rest_route=\/wp\/v2\/users\/2"}],"replies":[{"embeddable":true,"href":"https:\/\/www.straz.pulawy.pl\/index.php?rest_route=%2Fwp%2Fv2%2Fcomments&post=2920"}],"version-history":[{"count":2,"href":"https:\/\/www.straz.pulawy.pl\/index.php?rest_route=\/wp\/v2\/pages\/2920\/revisions"}],"predecessor-version":[{"id":2922,"href":"https:\/\/www.straz.pulawy.pl\/index.php?rest_route=\/wp\/v2\/pages\/2920\/revisions\/2922"}],"wp:attachment":[{"href":"https:\/\/www.straz.pulawy.pl\/index.php?rest_route=%2Fwp%2Fv2%2Fmedia&parent=2920"}],"curies":[{"name":"wp","href":"https:\/\/api.w.org\/{rel}","templated":true}]}}