{"id":2797,"date":"2019-05-30T09:40:23","date_gmt":"2019-05-30T07:40:23","guid":{"rendered":"http:\/\/www.straz.pulawy.pl\/?page_id=2797"},"modified":"2019-05-30T10:08:37","modified_gmt":"2019-05-30T08:08:37","slug":"kwalifikowana-pierwsza-pomoc","status":"publish","type":"page","link":"https:\/\/www.straz.pulawy.pl\/?page_id=2797","title":{"rendered":"KWALIFIKOWANA PIERWSZA POMOC"},"content":{"rendered":"<div class=\"rtejustify\"><strong>KWALIFIKOWANA PIERWSZA POMOC<\/strong><\/div>\n<div class=\"rtejustify\">\u00a0\u00a0\u00a0\u00a0 Ustawa o Pa\u0144stwowym Ratownictwie Medycznym, kt\u00f3ra wesz\u0142a w \u017cycie z dniem 1 stycznia 2007 okre\u015bla zasady prowadzenia kurs\u00f3w Kwalifikowanej Pierwszej Pomocy oraz warunki uzyskiwania tytu\u0142u <strong> &#8222;Ratownika&#8221;.<\/strong><\/div>\n<div class=\"rtejustify\"><\/div>\n<p class=\"rtejustify\">Kurs Kwalifikowanej Pierwszej Pomocy jest prowadzony zgodnie z przepisami:<\/p>\n<ul>\n<li class=\"rtejustify\">ustawy o Pa\u0144stwowym Ratownictwie Medycznym z dnia 8 wrze\u015bnia 2006 roku (<a href=\"http:\/\/isap.sejm.gov.pl\/Download?id=WDU20061911410&amp;type=3\">pobierz<\/a>)<\/li>\n<li class=\"rtejustify\">rozporz\u0105dzenia Ministra Zdrowia w sprawie kursu w zakresie kwalifikowanej pierwszej pomocy z dnia 19 marca 2007 roku\u00a0 &#8211; za\u0142\u0105cznik do rozporz\u0105dzenia<\/li>\n<li class=\"rtejustify\">rozporz\u0105dzenia MSWiA i Obrony Narodowej w sprawie szkole\u0144 w zakresie kwalifikowanej pierwszej pomocy z dnia 12 grudnia 2008 roku (<a href=\"http:\/\/www.ratownictwo-mcs.pl\/files\/file\/prawo\/rozporz_mswia_mon_szkolenia_pierwsza_pomoc.pdf\">pobierz<\/a>) &#8211; nowelizacja rozporz\u0105dzenia(<a href=\"http:\/\/isap.sejm.gov.pl\/Download?id=WDU20112991778&amp;type=2\">pobierz<\/a>)<\/li>\n<\/ul>\n<p class=\"rtejustify\">Kursy kierowane s\u0105 mi\u0119dzy innymi do:<\/p>\n<ul>\n<li class=\"rtejustify\">Pa\u0144stwowej Stra\u017cy Po\u017carnej,<\/li>\n<li class=\"rtejustify\">Ochotniczych Stra\u017cy Po\u017carnych,<\/li>\n<li class=\"rtejustify\">Zak\u0142adowych Stra\u017cy Po\u017carnych,<\/li>\n<li class=\"rtejustify\">jednostek i s\u0142u\u017cb ochrony przeciwpo\u017carowej,<\/li>\n<li class=\"rtejustify\">jednostek systemu Pa\u0144stwowego Ratownictwa Medycznego i wsp\u00f3\u0142pracuj\u0105cych z Systemem,<\/li>\n<li class=\"rtejustify\">Policji,<\/li>\n<li class=\"rtejustify\">Wojska Polskiego,<\/li>\n<li class=\"rtejustify\">Stra\u017cy Granicznej,<\/li>\n<li class=\"rtejustify\">innych grup oraz os\u00f3b kt\u00f3re maj\u0105 obowi\u0105zek lub dobrowolnie chc\u0105 odby\u0107 tego typu szkolenie.<\/li>\n<\/ul>\n<p class=\"rtejustify\">Zakres czynno\u015bci wykonywanych przez ratownika w ramach kwalifikowanej pierwszej pomocy obejmuje:<\/p>\n<ul>\n<li class=\"rtejustify\">resuscytacj\u0119 kr\u0105\u017ceniowo-oddechow\u0105, bezprzyrz\u0105dow\u0105 i przyrz\u0105dow\u0105, z podaniem tlenu oraz zastosowaniem wed\u0142ug wskaza\u0144 defibrylatora zautomatyzowanego,<\/li>\n<li class=\"rtejustify\">tamowanie krwotok\u00f3w zewn\u0119trznych i opatrywanie ran,<\/li>\n<li class=\"rtejustify\">unieruchamianie z\u0142ama\u0144 i podejrze\u0144 z\u0142ama\u0144 ko\u015bci oraz zwichni\u0119\u0107,<\/li>\n<li class=\"rtejustify\">ochron\u0119 przed wych\u0142odzeniem lub przegrzaniem,<\/li>\n<li class=\"rtejustify\">prowadzenie wst\u0119pnego post\u0119powania przeciwwstrz\u0105sowego poprzez w\u0142a\u015bciwe u\u0142o\u017cenie os\u00f3b<br \/>\nw stanie nag\u0142ego zagro\u017cenia zdrowotnego, ochron\u0119 termiczn\u0105 os\u00f3b w stanie nag\u0142ego zagro\u017cenia zdrowotnego,<\/li>\n<li class=\"rtejustify\">stosowanie tlenoterapii biernej,<\/li>\n<li class=\"rtejustify\">ewakuacj\u0119 z miejsca zdarzenia os\u00f3b w stanie nag\u0142ego zagro\u017cenia zdrowotnego,<\/li>\n<li class=\"rtejustify\">wsparcie psychiczne os\u00f3b w stanie nag\u0142ego zagro\u017cenia zdrowotnego,<\/li>\n<li class=\"rtejustify\">prowadzenie wst\u0119pnej segregacji medycznej w rozumieniu art. 43 ust. 2 ustawy o PRM.<\/li>\n<\/ul>\n<p class=\"rtejustify\"><strong><u>Przydatne linki:<\/u><\/strong><\/p>\n<ul>\n<li class=\"rtejustify\">Zasady Organizacji Ratownictwa Medycznego w KSRG (<a href=\"http:\/\/www.straz.gov.pl\/page\/file.php?id=34709\">pobierz<\/a>)<\/li>\n<li class=\"rtejustify\">Procedury medyczne (<a href=\"http:\/\/kppsppulawy-old.t.test.ideo.pl\/sites\/default\/files\/zalacznik_nr_1_procedury_ost.pdf\">pobierz<\/a>)<\/li>\n<li class=\"rtejustify\">Pytania egzaminacyjne KPP_2016 (<a href=\"http:\/\/kppsppulawy-old.t.test.ideo.pl\/sites\/default\/files\/pytania_kpp_-_2016_.pdf\">pobierz<\/a>)<\/li>\n<li class=\"rtejustify\">Standard wyposa\u017cenia zestawu PSP R1 (<a href=\"http:\/\/kppsppulawy-old.t.test.ideo.pl\/sites\/default\/files\/zalacznik_nr_3_wyposazenie.pdf\" target=\"_blank\" rel=\"noopener noreferrer\">pobierz<\/a>)<\/li>\n<li class=\"rtejustify\">Plan dezynfekcji sprz\u0119tu u\u017cywanego podczas dzia\u0142a\u0144 po kontakcie z materia\u0142em potencjalnie infekcyjnym (<a href=\"http:\/\/kppsppulawy-old.t.test.ideo.pl\/sites\/default\/files\/zalacznik_nr_6_dezynfekcja.pdf\">pobierz<\/a>)<\/li>\n<li class=\"rtejustify\">Procedura post\u0119powania poekspozycyjnego dotycz\u0105ca potencjalnego nara\u017cenia na kontakt<br \/>\nz materia\u0142em biologicznie niebezpiecznym (wirus HIV, HBV, HCV) &#8211; dla ratownik\u00f3w ksrg (<a href=\"http:\/\/kppsppulawy-old.t.test.ideo.pl\/sites\/default\/files\/zalacznik_nr_5_profilaktyka.pdf\">pobierz<\/a>)<\/li>\n<li class=\"rtejustify\">Zasady segregacji poszkodowanych &#8211; zdarzenie masowe (<a href=\"http:\/\/kppsppulawy-old.t.test.ideo.pl\/sites\/default\/files\/zalacznik_nr_2_zdazenie_masowe.pdf\">pobierz<\/a>)<\/li>\n<li class=\"rtejustify\">Zasady mocowania i przemieszczania poszkodowanych przy u\u017cyciu noszy typu deska <a href=\"http:\/\/kppsppulawy-old.t.test.ideo.pl\/sites\/default\/files\/zasady_mocowania_poszkodowanych_na_noszach_typu_deska.pdf\"> (pobierz)<\/a><\/li>\n<li class=\"rtejustify\"><a href=\"http:\/\/www.Ratownictwo.win.pl\">www.Ratownictwo.win.pl<\/a> &#8211; pierwsza pomoc przedmedyczna<\/li>\n<li class=\"rtejustify\"><a href=\"http:\/\/www.aplikacja-ratownik.pl\">www.aplikacja-ratownik.pl<\/a> &#8211; kwalifikowana pierwsza pomoc w telefonie<\/li>\n<\/ul>\n","protected":false},"excerpt":{"rendered":"<p>KWALIFIKOWANA PIERWSZA POMOC \u00a0\u00a0\u00a0\u00a0 Ustawa o Pa\u0144stwowym Ratownictwie Medycznym, kt\u00f3ra wesz\u0142a w \u017cycie z dniem 1 stycznia 2007 okre\u015bla zasady prowadzenia kurs\u00f3w Kwalifikowanej Pierwszej Pomocy oraz warunki uzyskiwania tytu\u0142u &#8222;Ratownika&#8221;. Kurs Kwalifikowanej Pierwszej Pomocy jest prowadzony zgodnie z przepisami: ustawy o Pa\u0144stwowym Ratownictwie Medycznym z dnia 8 wrze\u015bnia 2006 roku (pobierz) rozporz\u0105dzenia Ministra Zdrowia w [&hellip;]<\/p>\n","protected":false},"author":2,"featured_media":0,"parent":0,"menu_order":0,"comment_status":"closed","ping_status":"closed","template":"","meta":{"footnotes":"","_links_to":"","_links_to_target":""},"class_list":["post-2797","page","type-page","status-publish","hentry"],"_links":{"self":[{"href":"https:\/\/www.straz.pulawy.pl\/index.php?rest_route=\/wp\/v2\/pages\/2797","targetHints":{"allow":["GET"]}}],"collection":[{"href":"https:\/\/www.straz.pulawy.pl\/index.php?rest_route=\/wp\/v2\/pages"}],"about":[{"href":"https:\/\/www.straz.pulawy.pl\/index.php?rest_route=\/wp\/v2\/types\/page"}],"author":[{"embeddable":true,"href":"https:\/\/www.straz.pulawy.pl\/index.php?rest_route=\/wp\/v2\/users\/2"}],"replies":[{"embeddable":true,"href":"https:\/\/www.straz.pulawy.pl\/index.php?rest_route=%2Fwp%2Fv2%2Fcomments&post=2797"}],"version-history":[{"count":2,"href":"https:\/\/www.straz.pulawy.pl\/index.php?rest_route=\/wp\/v2\/pages\/2797\/revisions"}],"predecessor-version":[{"id":2800,"href":"https:\/\/www.straz.pulawy.pl\/index.php?rest_route=\/wp\/v2\/pages\/2797\/revisions\/2800"}],"wp:attachment":[{"href":"https:\/\/www.straz.pulawy.pl\/index.php?rest_route=%2Fwp%2Fv2%2Fmedia&parent=2797"}],"curies":[{"name":"wp","href":"https:\/\/api.w.org\/{rel}","templated":true}]}}