{"id":226,"date":"2019-04-29T21:02:43","date_gmt":"2019-04-29T19:02:43","guid":{"rendered":"http:\/\/www.straz.pulawy.pl\/?page_id=226"},"modified":"2019-06-17T14:13:39","modified_gmt":"2019-06-17T12:13:39","slug":"opinia-w-sprawie-bezp-pozarowego","status":"publish","type":"page","link":"https:\/\/www.straz.pulawy.pl\/?page_id=226","title":{"rendered":"Opinia w sprawie bezp. po\u017carowego"},"content":{"rendered":"<div class=\"vc_row wpb_row vc_row-fluid\">\n<div class=\"wpb_column vc_column_container vc_col-sm-12\">\n<div class=\"vc_column-inner \">\n<div class=\"wpb_wrapper\">\n<div class=\"wpb_text_column wpb_content_element \">\n<div class=\"wpb_wrapper\">\n<p><span id=\"main-form:full-content-document-view-panel\">Pa\u0144stwowa Stra\u017c Po\u017carna wydaje opinie w zakresie bezpiecze\u0144stwa po\u017carowego.<\/span><\/p>\n<p><span id=\"main-form:full-content-document-view-panel\"> Czynno\u015bci kontrolno-rozpoznawcze przeprowadzane s\u0105 na podstawie <\/span>zg\u0142oszenia obiektu, dla kt\u00f3rego przepisy prawa wymagaj\u0105 wydania przez organy Pa\u0144stwowej Stra\u017cy Po\u017carnej opinii lub zaj\u0119cia przez nie stanowiska w zakresie ochrony przeciwpo\u017carowej.<\/p>\n<h3><a href=\"http:\/\/www.straz.pulawy.pl\/wp-content\/uploads\/2019\/06\/opinie1.doc\">Wz\u00f3r wniosku o uzyskanie Opinii w sprawie bezpiecze\u0144stwa po\u017carowego<\/a><\/h3>\n<\/div>\n<\/div>\n<\/div>\n<\/div>\n<\/div>\n<\/div>\n","protected":false},"excerpt":{"rendered":"<p>Pa\u0144stwowa Stra\u017c Po\u017carna wydaje opinie w zakresie bezpiecze\u0144stwa po\u017carowego. Czynno\u015bci kontrolno-rozpoznawcze przeprowadzane s\u0105 na podstawie zg\u0142oszenia obiektu, dla kt\u00f3rego przepisy prawa wymagaj\u0105 wydania przez organy Pa\u0144stwowej Stra\u017cy Po\u017carnej opinii lub zaj\u0119cia przez nie stanowiska w zakresie ochrony przeciwpo\u017carowej. Wz\u00f3r wniosku o uzyskanie Opinii w sprawie bezpiecze\u0144stwa po\u017carowego<\/p>\n","protected":false},"author":2,"featured_media":0,"parent":16,"menu_order":0,"comment_status":"closed","ping_status":"closed","template":"","meta":{"footnotes":"","_links_to":"","_links_to_target":""},"class_list":["post-226","page","type-page","status-publish","hentry"],"_links":{"self":[{"href":"https:\/\/www.straz.pulawy.pl\/index.php?rest_route=\/wp\/v2\/pages\/226","targetHints":{"allow":["GET"]}}],"collection":[{"href":"https:\/\/www.straz.pulawy.pl\/index.php?rest_route=\/wp\/v2\/pages"}],"about":[{"href":"https:\/\/www.straz.pulawy.pl\/index.php?rest_route=\/wp\/v2\/types\/page"}],"author":[{"embeddable":true,"href":"https:\/\/www.straz.pulawy.pl\/index.php?rest_route=\/wp\/v2\/users\/2"}],"replies":[{"embeddable":true,"href":"https:\/\/www.straz.pulawy.pl\/index.php?rest_route=%2Fwp%2Fv2%2Fcomments&post=226"}],"version-history":[{"count":3,"href":"https:\/\/www.straz.pulawy.pl\/index.php?rest_route=\/wp\/v2\/pages\/226\/revisions"}],"predecessor-version":[{"id":2857,"href":"https:\/\/www.straz.pulawy.pl\/index.php?rest_route=\/wp\/v2\/pages\/226\/revisions\/2857"}],"up":[{"embeddable":true,"href":"https:\/\/www.straz.pulawy.pl\/index.php?rest_route=\/wp\/v2\/pages\/16"}],"wp:attachment":[{"href":"https:\/\/www.straz.pulawy.pl\/index.php?rest_route=%2Fwp%2Fv2%2Fmedia&parent=226"}],"curies":[{"name":"wp","href":"https:\/\/api.w.org\/{rel}","templated":true}]}}