{"id":220,"date":"2019-04-29T21:01:56","date_gmt":"2019-04-29T19:01:56","guid":{"rendered":"http:\/\/www.straz.pulawy.pl\/?page_id=220"},"modified":"2024-10-02T10:17:37","modified_gmt":"2024-10-02T08:17:37","slug":"zaswiadczenie-o-dzialaniach-ratowniczych","status":"publish","type":"page","link":"https:\/\/www.straz.pulawy.pl\/?page_id=220","title":{"rendered":"Za\u015bwiadczenie o dzia\u0142aniach ratowniczych"},"content":{"rendered":"\n<p><b>Wydanie Za\u015bwiadczenia o dzia\u0142aniach ratowniczych Stra\u017cy Po\u017carnej<\/b><br>W celu uzyskania za\u015bwiadczenia nale\u017cy:<br>1. Dokona\u0107 wp\u0142aty w kasie Urz\u0119du Miasta Pu\u0142awy przy ul. Lubelskiej 5, 24-100 Pu\u0142awy lub na rachunek bankowy Urz\u0119du Miasta Pu\u0142awy <strong>PKO BP S<\/strong><strong>A<\/strong><strong> Nr: 91 1020 3147 0000 8102 0160 1194<\/strong><br>Za wydanie za\u015bwiadczenia obowi\u0105zuje op\u0142ata 17,00 z\u0142.<\/p>\n\n\n\n<p>2. Wype\u0142ni\u0107 wniosek o wydanie za\u015bwiadczenia o dzia\u0142aniach ratowniczych Stra\u017cy Po\u017carnej \u2013 wz\u00f3r wniosku do pobrania w Sekretariacie KP PSP w Pu\u0142awach (<strong>siedziba tymczasowa: ul. Mo\u015bcickiego 1, 24-100 Pu\u0142awy &#8211; pi\u0119tro I &#8211; budynek PPNT<\/strong>) lub na stronie internetowej KP PSP w Pu\u0142awach http:\/\/www.straz.pu\u0142awy.pl w zak\u0142adce \u201eZa\u0142atwianie Spraw \u2013&gt; Za\u015bwiadczenie o dzia\u0142aniach ratowniczych\u201d.<\/p>\n\n\n\n<p>3. Wype\u0142niony wniosek wraz z dowodem wp\u0142aty op\u0142aty skarbowej nale\u017cy dostarczy\u0107 do KP PSP w Pu\u0142awach, (<strong>siedziba tymczasowa: ul. Mo\u015bcickiego 1, 24-100 Pu\u0142awy &#8211; pi\u0119tro I &#8211; budynek PPNT<\/strong>) b\u0105d\u017a za po\u015brednictwem skrzynki podawczej Epuap (wymagany podpis elektroniczny). Jako tytu\u0142 wp\u0142aty nale\u017cy wpisa\u0107: \u201eop\u0142ata skarbowa od za\u015bwiadczenia w KP PSP Pu\u0142awy\u201d. Obowi\u0105zek zap\u0142aty op\u0142aty skarbowej powstaje z chwil\u0105 z\u0142o\u017cenia wniosku o wydanie za\u015bwiadczenia. Dow\u00f3d zap\u0142aty albo jego uwierzytelnion\u0105 kopi\u0119 pozostawia si\u0119 w aktach sprawy.<\/p>\n\n\n\n<p>4. Za\u015bwiadczenie wydawane jest w ci\u0105gu 7 dni drog\u0105 pocztow\u0105, przy czym istnieje mo\u017cliwo\u015b\u0107 wcze\u015bniejszego odbioru osobistego w Sekretariacie Komendy, po wyra\u017ceniu takiej woli.<\/p>\n\n\n\n<p>Podstawa prawna pobierania op\u0142aty skarbowej za wydanie za\u015bwiadczenia na wniosek:<br>\u2013 Ustawa z dnia 16 listopada 2006 r. o op\u0142acie skarbowej (Dz.U. z 2022 r. poz. 2142 ze zm.)<br>\u2013 Rozporz\u0105dzenie Ministra Finans\u00f3w z dnia 28 wrze\u015bnia 2007 r. w sprawie zap\u0142aty op\u0142aty skarbowej (Dz.U. Nr 187, poz. 1330)<\/p>\n\n\n\n<h3 class=\"wp-block-heading\"><a href=\"https:\/\/www.straz.pulawy.pl\/wp-content\/uploads\/2022\/11\/Wzor-wniosku-o-wydanie-zaswiadczenia-ze-zdarzenia.doc\">Wz\u00f3r wniosku o wydanie za\u015bwiadczenia<\/a><\/h3>\n\n\n\n<p><strong><a href=\"http:\/\/www.straz.pulawy.pl\/wp-content\/uploads\/2024\/10\/KLAUZULA-INFORMACYJNA-O-PRZETWARZANIU-DANYCH-OSOBOWYCH.pdf\">Klauzula informacyjn<\/a><\/strong><a data-wplink-edit=\"true\" href=\"_wp_link_placeholder\"><strong>a<\/strong><\/a><\/p>\n","protected":false},"excerpt":{"rendered":"<p>Wydanie Za\u015bwiadczenia o dzia\u0142aniach ratowniczych Stra\u017cy Po\u017carnejW celu uzyskania za\u015bwiadczenia nale\u017cy:1. Dokona\u0107 wp\u0142aty w kasie Urz\u0119du Miasta Pu\u0142awy przy ul. Lubelskiej 5, 24-100 Pu\u0142awy lub na rachunek bankowy Urz\u0119du Miasta Pu\u0142awy PKO BP SA Nr: 91 1020 3147 0000 8102 0160 1194Za wydanie za\u015bwiadczenia obowi\u0105zuje op\u0142ata 17,00 z\u0142. 2. Wype\u0142ni\u0107 wniosek o wydanie za\u015bwiadczenia o [&hellip;]<\/p>\n","protected":false},"author":3,"featured_media":0,"parent":16,"menu_order":0,"comment_status":"closed","ping_status":"closed","template":"","meta":{"footnotes":"","_links_to":"","_links_to_target":""},"class_list":["post-220","page","type-page","status-publish","hentry"],"_links":{"self":[{"href":"https:\/\/www.straz.pulawy.pl\/index.php?rest_route=\/wp\/v2\/pages\/220","targetHints":{"allow":["GET"]}}],"collection":[{"href":"https:\/\/www.straz.pulawy.pl\/index.php?rest_route=\/wp\/v2\/pages"}],"about":[{"href":"https:\/\/www.straz.pulawy.pl\/index.php?rest_route=\/wp\/v2\/types\/page"}],"author":[{"embeddable":true,"href":"https:\/\/www.straz.pulawy.pl\/index.php?rest_route=\/wp\/v2\/users\/3"}],"replies":[{"embeddable":true,"href":"https:\/\/www.straz.pulawy.pl\/index.php?rest_route=%2Fwp%2Fv2%2Fcomments&post=220"}],"version-history":[{"count":9,"href":"https:\/\/www.straz.pulawy.pl\/index.php?rest_route=\/wp\/v2\/pages\/220\/revisions"}],"predecessor-version":[{"id":6983,"href":"https:\/\/www.straz.pulawy.pl\/index.php?rest_route=\/wp\/v2\/pages\/220\/revisions\/6983"}],"up":[{"embeddable":true,"href":"https:\/\/www.straz.pulawy.pl\/index.php?rest_route=\/wp\/v2\/pages\/16"}],"wp:attachment":[{"href":"https:\/\/www.straz.pulawy.pl\/index.php?rest_route=%2Fwp%2Fv2%2Fmedia&parent=220"}],"curies":[{"name":"wp","href":"https:\/\/api.w.org\/{rel}","templated":true}]}}