{"id":211,"date":"2019-04-29T20:59:38","date_gmt":"2019-04-29T18:59:38","guid":{"rendered":"http:\/\/www.straz.pulawy.pl\/?page_id=211"},"modified":"2025-05-13T20:01:55","modified_gmt":"2025-05-13T18:01:55","slug":"sport-osp","status":"publish","type":"page","link":"https:\/\/www.straz.pulawy.pl\/?page_id=211","title":{"rendered":"Sport OSP"},"content":{"rendered":"<div><strong>Zawody Sportowo &#8211; Po\u017carnicze Ochotniczych Stra\u017cy Po\u017carnych<\/strong><\/div>\n<div><\/div>\n<ol>\n<li>Regulamin Zawod\u00f3w Sportowo &#8211; Po\u017carniczych OSP (<a href=\"http:\/\/www.zosprp.pl\/files\/regulaminy\/reg_zaw_sport_poz2011.pdf\">pobierz<\/a>)<\/li>\n<li>Zasady przeprowadzania i oceny musztry podczas zawod\u00f3w OSP (<a href=\"http:\/\/www.zosprp.pl\/files\/regulaminy\/Zasady_przeprowadzania_oceny_musztry.pdf\">pobierz<\/a>)<\/li>\n<li>Zg\u0142oszenie dru\u017cyny do zawod\u00f3w <a href=\"http:\/\/www.straz.pulawy.pl\/wp-content\/uploads\/2019\/06\/zgloszenie.docx\">(pobierz)<\/a><\/li>\n<li>Zgoda opiekun\u00f3w ustawowych <a href=\"http:\/\/www.straz.pulawy.pl\/wp-content\/uploads\/2019\/06\/zgoda_opiekunow_ustawowych_0.docx\">(pobierz)<\/a><\/li>\n<\/ol>\n","protected":false},"excerpt":{"rendered":"<p>Zawody Sportowo &#8211; Po\u017carnicze Ochotniczych Stra\u017cy Po\u017carnych Regulamin Zawod\u00f3w Sportowo &#8211; Po\u017carniczych OSP (pobierz) Zasady przeprowadzania i oceny musztry podczas zawod\u00f3w OSP (pobierz) Zg\u0142oszenie dru\u017cyny do zawod\u00f3w (pobierz) Zgoda opiekun\u00f3w ustawowych (pobierz)<\/p>\n","protected":false},"author":2,"featured_media":0,"parent":0,"menu_order":0,"comment_status":"closed","ping_status":"closed","template":"","meta":{"footnotes":"","_links_to":"","_links_to_target":""},"class_list":["post-211","page","type-page","status-publish","hentry"],"_links":{"self":[{"href":"https:\/\/www.straz.pulawy.pl\/index.php?rest_route=\/wp\/v2\/pages\/211","targetHints":{"allow":["GET"]}}],"collection":[{"href":"https:\/\/www.straz.pulawy.pl\/index.php?rest_route=\/wp\/v2\/pages"}],"about":[{"href":"https:\/\/www.straz.pulawy.pl\/index.php?rest_route=\/wp\/v2\/types\/page"}],"author":[{"embeddable":true,"href":"https:\/\/www.straz.pulawy.pl\/index.php?rest_route=\/wp\/v2\/users\/2"}],"replies":[{"embeddable":true,"href":"https:\/\/www.straz.pulawy.pl\/index.php?rest_route=%2Fwp%2Fv2%2Fcomments&post=211"}],"version-history":[{"count":10,"href":"https:\/\/www.straz.pulawy.pl\/index.php?rest_route=\/wp\/v2\/pages\/211\/revisions"}],"predecessor-version":[{"id":7396,"href":"https:\/\/www.straz.pulawy.pl\/index.php?rest_route=\/wp\/v2\/pages\/211\/revisions\/7396"}],"wp:attachment":[{"href":"https:\/\/www.straz.pulawy.pl\/index.php?rest_route=%2Fwp%2Fv2%2Fmedia&parent=211"}],"curies":[{"name":"wp","href":"https:\/\/api.w.org\/{rel}","templated":true}]}}