{"id":113,"date":"2019-04-22T12:48:31","date_gmt":"2019-04-22T10:48:31","guid":{"rendered":"http:\/\/www.straz.pulawy.pl\/?page_id=113"},"modified":"2026-01-16T11:30:23","modified_gmt":"2026-01-16T10:30:23","slug":"historia","status":"publish","type":"page","link":"https:\/\/www.straz.pulawy.pl\/?page_id=113","title":{"rendered":"Historia"},"content":{"rendered":"<p>[vc_row][vc_column][vc_column_text]Uchwalona w dniu 4 lutego 1950 r. ustawa o ochronie przeciwpo\u017carowej i jej organizacji da\u0142a podstaw\u0119 funkcjonowania w naszym kraju wojew\u00f3dzkich i powiatowych komend stra\u017cy po\u017carnych.<br \/>\nW tym te\u017c roku powsta\u0142o w Pu\u0142awach pogotowie Zawodowe Stra\u017cy z obsad\u0105 10 osobow\u0105. W sk\u0142ad pierwszej zawodowej za\u0142ogi stra\u017cy wchodzili: Bartuzi Stanis\u0142aw, G\u00f3rko Antoni, Ko\u0142odziej Zdzis\u0142aw, Olszak Tadeusz, Olszak Zygmunt, Osiak Henryk, Siczek Franciszek, Sikora Julian, Szczypa Bogdan, Tar\u0142owski Franciszek.<\/p>\n<p>Pocz\u0105tek lat pi\u0119\u0107dziesi\u0105tych XX w. dla Pu\u0142awskiej Stra\u017cy by\u0142 okresem systematycznego udoskonalania sprz\u0119tu, organizacj\u0105 szkole\u0144 oraz rozbudow\u0105 stra\u017cnicy.<\/p>\n<p>W roku 1955 z pogotowia Zawodowej Stra\u017cy utworzono Zawodow\u0105 Stra\u017c Po\u017carn\u0105, kt\u00f3ra na tle rozwoju Pu\u0142aw w o\u015brodek przemys\u0142owy, umacnia swoj\u0105 dzia\u0142alno\u015b\u0107. Do stra\u017cy wprowadzany jest nowy, bardziej funkcjonalny sprz\u0119t. Zawodowa Stra\u017c Po\u017carna w Pu\u0142awach w latach sze\u015b\u0107dziesi\u0105tych zosta\u0142a wyposa\u017cona w samoch\u00f3d wodno-pianowy, proszkowy, podno\u015bnik hydrauliczny i agregaty.<br \/>\nPowstaje stanowisko kierowania wyposa\u017cone w sprz\u0119t \u0142\u0105czno\u015bci radiowej, a wraz z modernizacj\u0105 jednostki i usprz\u0119towieniem rosn\u0105 wykwalifikowane kadry pu\u0142awskiej stra\u017cy.<\/p>\n<p>W roku 1972 Zawodowa Stra\u017c Po\u017carna w Pu\u0142awach przenosi swoj\u0105 siedzib\u0119 do nowych obiekt\u00f3w zapewniaj\u0105cych odpowiednie warunki funkcjonowania stra\u017cak\u00f3w i u\u017cytkowania sprz\u0119tu b\u0119d\u0105cego w sta\u0142ej gotowo\u015bci bojowej.<\/p>\n<p>W dow\u00f3d uznania za uczciw\u0105, humanitarn\u0105 i niebezpieczn\u0105 s\u0142u\u017cb\u0119 spo\u0142ecze\u0144stwo Pu\u0142aw ufundowa\u0142o dla Zawodowej Stra\u017cy Po\u017carnej sztandar, kt\u00f3ry zosta\u0142 przekazany jednostce w dniu 27 wrze\u015bnia 1980 r.<\/p>\n<p>Rok 1989, rok prze\u0142omu w najnowszych dziejach Polski, nie pozosta\u0142 bez wp\u0142ywu tak\u017ce na \u015brodowisko stra\u017cackie. 24 sierpnia 1991 r. zosta\u0142y uchwalone dwie ustawy o ochronie przeciwpo\u017carowej i o Pa\u0144stwowej Stra\u017cy Po\u017carnej. Od 1 lipca 1992 r. wraz z wej\u015bciem ustawy o Pa\u0144stwowej Stra\u017cy Po\u017carnej dokonano niezwykle istotnych zmian w systemie organizacyjnym. PSP, jako rz\u0105dowa administracja specjalna, znalaz\u0142a si\u0119 bezpo\u015brednio w gestii ministra spraw wewn\u0119trznych. Stra\u017c, umundurowana i wyposa\u017cona w specjalistyczny sprz\u0119t, sta\u0142a si\u0119 zawodow\u0105 formacj\u0105, powo\u0142an\u0105 do walki z po\u017carami, kl\u0119skami \u017cywio\u0142owymi i innymi miejscowymi zagro\u017ceniami. W ci\u0105gu trzech lat uruchomiono r\u00f3wnie\u017c Krajowy System Ratowniczo &#8211; Ga\u015bniczy.<\/p>\n<p>Zgodnie z ustaw\u0105 rozwi\u0105zano wszystkie jednostki organizacyjne ochrony przeciwpo\u017carowej, a w ich miejsce powo\u0142ano nowe. W rejonie pu\u0142awskim z dniem 1 lipca 1992 r. Komendant G\u0142\u00f3wny PSP powo\u0142a\u0142 Komend\u0119 Rejonow\u0105 PSP w Pu\u0142awach oraz jednostk\u0119 ratowniczo \u2013 ga\u015bnicz\u0105 PSP.<\/p>\n<p>1 stycznia 1999 r. w zwi\u0105zku z wej\u015bciem w \u017cycie reformy administracyjnej nios\u0105cej za sob\u0105 nowy podzia\u0142 terytorialny naszego kraju, na bazie dotychczasowej komendy rejonowej zosta\u0142a powo\u0142ana komenda powiatowa Pa\u0144stwowej Stra\u017cy Po\u017carnej w Pu\u0142awach. Jednostka Ratowniczo &#8211; Ga\u015bnicza utraci\u0142a samodzielno\u015b\u0107 organizacyjn\u0105 i sta\u0142a si\u0119 kom\u00f3rk\u0105 komendy powiatowej PSP. Kom\u00f3rkami organizacyjnymi Komendy sta\u0142y si\u0119 wi\u0119c, wydzia\u0142y: operacyjno &#8211; szkoleniowy, kontrolno &#8211; rozpoznawczy, organizacyjno &#8211; kadrowy, finans\u00f3w, techniczny, kwatermistrzowski oraz samodzielne stanowiska: do spraw bhp i obronnych oraz jednostka ratowniczo \u2013 ga\u015bnicza.<\/p>\n<p>\u015arodowisko pu\u0142awskich stra\u017cak\u00f3w by\u0142o organizatorem wielu imprez promuj\u0105cych profilaktyk\u0119 bezpiecznych zachowa\u0144, a tak\u017ce w\u0142asne dzia\u0142ania w\u015br\u00f3d spo\u0142eczno\u015bci Pu\u0142aw i powiatu. Organizowano mi\u0119dzy innymi imprezy o charakterze sportowym, jak Mistrzostwa Wojew\u00f3dztwa w Sporcie Po\u017carniczym, czy Og\u00f3lnopolski Turniej Drabiny Hakowej. Propagowano ide\u0119 ochrony przeciwpo\u017carowej w\u015br\u00f3d m\u0142odzie\u017cy szkolnej, wsp\u00f3\u0142organizuj\u0105c konkursy plastyczne i turnieje wiedzy po\u017carniczej.<br \/>\nPrzez ponad 50 lat zmienia\u0142y si\u0119 ustawy po\u017carnicze, zmienia\u0142 si\u0119 podzia\u0142 administracyjny kraju, a wraz z nim terytorialny zasi\u0119g dzia\u0142ania Zawodowej Stra\u017cy Po\u017carnej i Komendy Powiatowej. Wydarzenia te dyktowa\u0142y potrzeby dokonywania istotnych zmian w strukturze organizacyjnej i zasadach funkcjonowania ochrony przeciwpo\u017carowej. Na przestrzeni dziesi\u0119cioleci mo\u017cna by m\u00f3wi\u0107 nawet o kilku r\u00f3\u017cnych jednostkach. Ka\u017cdy z tych okres\u00f3w by\u0142 inny, ka\u017cdy ni\u00f3s\u0142 inne zagro\u017cenia, wymaga\u0142 innych rozwi\u0105za\u0144. Jednakowi byli tylko ludzie stra\u017cackiej s\u0142u\u017cby. Odwa\u017cni, zdeterminowani i pe\u0142ni po\u015bwi\u0119cenia. To, co robi\u0105, uwa\u017caj\u0105 za sw\u0105 powinno\u015b\u0107, a zasadniczym celem dzia\u0142ania dla nich by\u0142 jeden niezmienny, s\u0142u\u017cenie pomoc\u0105 spo\u0142ecze\u0144stwu w sytuacjach zagro\u017cenia.[\/vc_column_text][vc_custom_heading text=&#8221;Komendanci Pu\u0142awskiej Stra\u017cy Po\u017carnej od 1950 roku:&#8221; font_container=&#8221;tag:h3|text_align:left&#8221; use_theme_fonts=&#8221;yes&#8221;][vc_column_text]<\/p>\n<ul>\n<li class=\"rtejustify\">\u015awi\u0119cicki Roman w roku 1950,<\/li>\n<li class=\"rtejustify\">Dro\u017cd\u017cy\u0144ski Andrzej 1950 \u2013 1951,<\/li>\n<li class=\"rtejustify\">Lenartowicz Edward 1951 \u2013 1969,<\/li>\n<li class=\"rtejustify\">Panicz Piotr 1969 \u2013 1976,<\/li>\n<li class=\"rtejustify\">M\u0142ynarski Czes\u0142aw 1976 \u2013 1995<\/li>\n<li class=\"rtejustify\">Janiszek Zbigniew 1995 \u2013 1998<\/li>\n<li class=\"rtejustify\">Je\u017cyna Bernard 1999 \u2013 1999<\/li>\n<li>\n<div class=\"rtejustify\">Cz\u0119pi\u0144ski Zbigniew\u00a01999\u00a0\u2013 2008<\/div>\n<\/li>\n<li>\n<div class=\"rtejustify\">Grzegorz Podhajny 2008 \u20132026<\/div>\n<\/li>\n<\/ul>\n<p>[\/vc_column_text][vc_custom_heading text=&#8221;Galeria pu\u0142awskiej stra\u017cy po\u017carnej&#8221; font_container=&#8221;tag:h3|text_align:left&#8221; use_theme_fonts=&#8221;yes&#8221;][vc_media_grid element_width=&#8221;3&#8243; gap=&#8221;2&#8243; grid_id=&#8221;vc_gid:1768559347246-d8e73eb7-8cf8-0&#8243; include=&#8221;75,94,93,92,91,90,89,88,87,86,85,84,83,82,81,80,79,78,77,76&#8243;][\/vc_column][\/vc_row]<\/p>\n","protected":false},"excerpt":{"rendered":"<p>[vc_row][vc_column][vc_column_text]Uchwalona w dniu 4 lutego 1950 r. ustawa o ochronie przeciwpo\u017carowej i jej organizacji da\u0142a podstaw\u0119 funkcjonowania w naszym kraju wojew\u00f3dzkich i powiatowych komend stra\u017cy po\u017carnych. W tym te\u017c roku powsta\u0142o w Pu\u0142awach pogotowie Zawodowe Stra\u017cy z obsad\u0105 10 osobow\u0105. W sk\u0142ad pierwszej zawodowej za\u0142ogi stra\u017cy wchodzili: Bartuzi Stanis\u0142aw, G\u00f3rko Antoni, Ko\u0142odziej Zdzis\u0142aw, Olszak Tadeusz, [&hellip;]<\/p>\n","protected":false},"author":2,"featured_media":0,"parent":0,"menu_order":0,"comment_status":"closed","ping_status":"closed","template":"","meta":{"footnotes":"","_links_to":"","_links_to_target":""},"class_list":["post-113","page","type-page","status-publish","hentry"],"_links":{"self":[{"href":"https:\/\/www.straz.pulawy.pl\/index.php?rest_route=\/wp\/v2\/pages\/113","targetHints":{"allow":["GET"]}}],"collection":[{"href":"https:\/\/www.straz.pulawy.pl\/index.php?rest_route=\/wp\/v2\/pages"}],"about":[{"href":"https:\/\/www.straz.pulawy.pl\/index.php?rest_route=\/wp\/v2\/types\/page"}],"author":[{"embeddable":true,"href":"https:\/\/www.straz.pulawy.pl\/index.php?rest_route=\/wp\/v2\/users\/2"}],"replies":[{"embeddable":true,"href":"https:\/\/www.straz.pulawy.pl\/index.php?rest_route=%2Fwp%2Fv2%2Fcomments&post=113"}],"version-history":[{"count":10,"href":"https:\/\/www.straz.pulawy.pl\/index.php?rest_route=\/wp\/v2\/pages\/113\/revisions"}],"predecessor-version":[{"id":7826,"href":"https:\/\/www.straz.pulawy.pl\/index.php?rest_route=\/wp\/v2\/pages\/113\/revisions\/7826"}],"wp:attachment":[{"href":"https:\/\/www.straz.pulawy.pl\/index.php?rest_route=%2Fwp%2Fv2%2Fmedia&parent=113"}],"curies":[{"name":"wp","href":"https:\/\/api.w.org\/{rel}","templated":true}]}}