{"id":7439,"date":"2025-06-03T14:12:18","date_gmt":"2025-06-03T12:12:18","guid":{"rendered":"https:\/\/www.straz.pulawy.pl\/?page_id=7439"},"modified":"2025-06-03T14:17:16","modified_gmt":"2025-06-03T12:17:16","slug":"do-pobrania-2","status":"publish","type":"page","link":"http:\/\/www.straz.pulawy.pl\/?page_id=7439","title":{"rendered":"Dokumenty do pobrania"},"content":{"rendered":"<\/p>\n<p><strong><a href=\"http:\/\/www.straz.pulawy.pl\/wp-content\/uploads\/2024\/05\/Dane-radiowe-2024.pdf\">Dane radiowe OSP 2024<\/a><\/strong><\/p>\n<p><strong><a href=\"http:\/\/www.straz.pulawy.pl\/wp-content\/uploads\/2022\/02\/instrukcja-LPR.pdf\">Instrukcja LPR<\/a><\/strong><\/p>\n<p><a href=\"https:\/\/www.straz.pulawy.pl\/wp-content\/uploads\/2022\/08\/Wniosek-o-wlaczenie-do-pracy-w-sieci-radiowej-PSP.docx\"><strong>Wniosek o w\u0142\u0105czenie do pracy w sieci radiowej PSP<\/strong><\/a><\/p>\n<p><a href=\"https:\/\/www.straz.pulawy.pl\/wp-content\/uploads\/2022\/11\/zal.-nr-10-potwierdzenie-udzialu-w-zdarzeniu..doc\"><strong>Potwierdzenie udzia\u0142u w dzia\u0142aniu ratowniczym<\/strong><\/a><\/p>\n<p><strong>Druki dokumentowania dzia\u0142a\u0144 ratowniczych (zgodnie z rozporz\u0105dzeniem MSWiA ws. szczeg\u00f3\u0142owej organizacji ksrg).<br \/><\/strong><\/p>\n<ul>\n<li><a href=\"http:\/\/www.straz.pulawy.pl\/wp-content\/uploads\/2023\/06\/1-KARTA-UDZIELONEJ-KWALIFIKOWANEJ-PIERWSZEJ-POMOCY.pdf\">Karta udzielonej kwalifikowanej pierwszej pomocy,<\/a><\/li>\n<li><a href=\"http:\/\/www.straz.pulawy.pl\/wp-content\/uploads\/2023\/06\/2-MELDUNEK-O-WYPADKU-LEKKIM-RATOWNIKA.pdf\">Meldunek o wypadku lekkim ratownika,<\/a><\/li>\n<li><a href=\"http:\/\/www.straz.pulawy.pl\/wp-content\/uploads\/2023\/06\/3-MELDUNEK-O-WYPADKACH-SMIERTELNYCH-CIEZKICH-I-ZBIOROWYCH-RATOWNIKOW.pdf\">Meldunek o wypadkach \u015bmiertelnych, ci\u0119\u017ckich i zbiorowych ratownik\u00f3w,<\/a><\/li>\n<li><a href=\"http:\/\/www.straz.pulawy.pl\/wp-content\/uploads\/2023\/06\/4-MELDUNEK-O-WYPADKU-LUB-KOLIZJI-POJAZDU-KSRG.pdf\">Meldunek o wypadku lub kolizji pojazdu KSRG,<\/a><\/li>\n<li><a href=\"http:\/\/www.straz.pulawy.pl\/wp-content\/uploads\/2023\/06\/5-POTWIERDZENIE.pdf\">Potwierdzenie udzia\u0142u w dzia\u0142aniu ratowniczym,<\/a><\/li>\n<li><a href=\"http:\/\/www.straz.pulawy.pl\/wp-content\/uploads\/2023\/06\/6-POTWIERDZENIE-PRZEKAZANIA-TERENU-OBIEKTU-LUB-MIENIA-OBJETEGO-DZIALANIEM-RATOWNICZYM.pdf\">Potwierdzenie przekazania terenu, obiektu lub mienia obj\u0119tego dzia\u0142aniem ratowniczym.<\/a><\/li>\n<\/ul>\n\n\n<p class=\"has-vivid-purple-color has-text-color has-link-color wp-elements-634bde27ba089a0fcf0cd105650e5dbd\"><a href=\"https:\/\/www.straz.pulawy.pl\/wp-content\/uploads\/2024\/04\/Zalacznik-nr-10-Wniosek-o-nieodplatne-przekazanie-.docx\"><strong>Wniosek o nieodp\u0142atne przekazanie maj\u0105tku<\/strong><\/a><\/p>\n\n\n\n<div class=\"wp-block-file\"><a id=\"wp-block-file--media-6b6b6705-650f-47e7-a514-64efa44fefb3\" href=\"https:\/\/www.straz.pulawy.pl\/wp-content\/uploads\/2024\/04\/Zalacznik-nr-10-Wniosek-o-nieodplatne-przekazanie-.docx\">Zalacznik-nr-10-Wniosek-o-nieodplatne-przekazanie-<\/a><a href=\"https:\/\/www.straz.pulawy.pl\/wp-content\/uploads\/2024\/04\/Zalacznik-nr-10-Wniosek-o-nieodplatne-przekazanie-.docx\" class=\"wp-block-file__button wp-element-button\" download aria-describedby=\"wp-block-file--media-6b6b6705-650f-47e7-a514-64efa44fefb3\">Pobierz<\/a><\/div>\n\n\n\n\n\n\n\n\n\n<figure class=\"wp-block-gallery has-nested-images columns-default is-cropped wp-block-gallery-1 is-layout-flex wp-block-gallery-is-layout-flex\"><\/figure>\n\n\n\n\n","protected":false},"excerpt":{"rendered":"<p>Dane radiowe OSP 2024 Instrukcja LPR Wniosek o w\u0142\u0105czenie do pracy w sieci radiowej PSP Potwierdzenie udzia\u0142u w dzia\u0142aniu ratowniczym Druki dokumentowania dzia\u0142a\u0144 ratowniczych (zgodnie z rozporz\u0105dzeniem MSWiA ws. szczeg\u00f3\u0142owej organizacji ksrg). Karta udzielonej kwalifikowanej pierwszej pomocy, Meldunek o wypadku lekkim ratownika, Meldunek o wypadkach \u015bmiertelnych, ci\u0119\u017ckich i zbiorowych ratownik\u00f3w, Meldunek o wypadku lub kolizji [&hellip;]<\/p>\n","protected":false},"author":2,"featured_media":0,"parent":0,"menu_order":0,"comment_status":"closed","ping_status":"closed","template":"","meta":{"footnotes":"","_links_to":"","_links_to_target":""},"class_list":["post-7439","page","type-page","status-publish","hentry"],"_links":{"self":[{"href":"http:\/\/www.straz.pulawy.pl\/index.php?rest_route=\/wp\/v2\/pages\/7439","targetHints":{"allow":["GET"]}}],"collection":[{"href":"http:\/\/www.straz.pulawy.pl\/index.php?rest_route=\/wp\/v2\/pages"}],"about":[{"href":"http:\/\/www.straz.pulawy.pl\/index.php?rest_route=\/wp\/v2\/types\/page"}],"author":[{"embeddable":true,"href":"http:\/\/www.straz.pulawy.pl\/index.php?rest_route=\/wp\/v2\/users\/2"}],"replies":[{"embeddable":true,"href":"http:\/\/www.straz.pulawy.pl\/index.php?rest_route=%2Fwp%2Fv2%2Fcomments&post=7439"}],"version-history":[{"count":2,"href":"http:\/\/www.straz.pulawy.pl\/index.php?rest_route=\/wp\/v2\/pages\/7439\/revisions"}],"predecessor-version":[{"id":7442,"href":"http:\/\/www.straz.pulawy.pl\/index.php?rest_route=\/wp\/v2\/pages\/7439\/revisions\/7442"}],"wp:attachment":[{"href":"http:\/\/www.straz.pulawy.pl\/index.php?rest_route=%2Fwp%2Fv2%2Fmedia&parent=7439"}],"curies":[{"name":"wp","href":"https:\/\/api.w.org\/{rel}","templated":true}]}}