{"id":7253,"date":"2025-03-02T22:17:21","date_gmt":"2025-03-02T21:17:21","guid":{"rendered":"https:\/\/www.straz.pulawy.pl\/?page_id=7253"},"modified":"2025-03-02T22:37:27","modified_gmt":"2025-03-02T21:37:27","slug":"prezydium-zarzadu","status":"publish","type":"page","link":"http:\/\/www.straz.pulawy.pl\/?page_id=7253","title":{"rendered":"Prezydium Zarz\u0105du OP ZOSP RP"},"content":{"rendered":"\n<p>Prezydium Zarz\u0105du Oddzia\u0142u Powiatowego Zwi\u0105zku Ochotniczych Stra\u017cy Po\u017carnych RP w Pu\u0142awach<\/p>\n\n\n\n<p>Prezes &#8211; druhna Teresa Gutowska <\/p>\n\n\n\n<p>Wiceprezes &#8211; druh Zbigniew Zadura&nbsp;<\/p>\n\n\n\n<p>Sekretarz &#8211; druh Emil G\u0142ogowski <\/p>\n\n\n\n<p>Skarbnik &#8211; druh Andrzej Bujek <\/p>\n","protected":false},"excerpt":{"rendered":"<p>Prezydium Zarz\u0105du Oddzia\u0142u Powiatowego Zwi\u0105zku Ochotniczych Stra\u017cy Po\u017carnych RP w Pu\u0142awach Prezes &#8211; druhna Teresa Gutowska Wiceprezes &#8211; druh Zbigniew Zadura&nbsp; Sekretarz &#8211; druh Emil G\u0142ogowski Skarbnik &#8211; druh Andrzej Bujek<\/p>\n","protected":false},"author":2,"featured_media":0,"parent":0,"menu_order":0,"comment_status":"closed","ping_status":"closed","template":"","meta":{"footnotes":"","_links_to":"","_links_to_target":""},"class_list":["post-7253","page","type-page","status-publish","hentry"],"_links":{"self":[{"href":"http:\/\/www.straz.pulawy.pl\/index.php?rest_route=\/wp\/v2\/pages\/7253","targetHints":{"allow":["GET"]}}],"collection":[{"href":"http:\/\/www.straz.pulawy.pl\/index.php?rest_route=\/wp\/v2\/pages"}],"about":[{"href":"http:\/\/www.straz.pulawy.pl\/index.php?rest_route=\/wp\/v2\/types\/page"}],"author":[{"embeddable":true,"href":"http:\/\/www.straz.pulawy.pl\/index.php?rest_route=\/wp\/v2\/users\/2"}],"replies":[{"embeddable":true,"href":"http:\/\/www.straz.pulawy.pl\/index.php?rest_route=%2Fwp%2Fv2%2Fcomments&post=7253"}],"version-history":[{"count":3,"href":"http:\/\/www.straz.pulawy.pl\/index.php?rest_route=\/wp\/v2\/pages\/7253\/revisions"}],"predecessor-version":[{"id":7274,"href":"http:\/\/www.straz.pulawy.pl\/index.php?rest_route=\/wp\/v2\/pages\/7253\/revisions\/7274"}],"wp:attachment":[{"href":"http:\/\/www.straz.pulawy.pl\/index.php?rest_route=%2Fwp%2Fv2%2Fmedia&parent=7253"}],"curies":[{"name":"wp","href":"https:\/\/api.w.org\/{rel}","templated":true}]}}