{"id":6957,"date":"2024-10-01T14:04:32","date_gmt":"2024-10-01T12:04:32","guid":{"rendered":"https:\/\/www.straz.pulawy.pl\/?page_id=6957"},"modified":"2024-10-02T08:34:28","modified_gmt":"2024-10-02T06:34:28","slug":"swiadczenia-ratownicze","status":"publish","type":"page","link":"http:\/\/www.straz.pulawy.pl\/?page_id=6957","title":{"rendered":"\u015aWIADCZENIA RATOWNICZE"},"content":{"rendered":"\n<p>Na podstawie art. 16 ustawy z dnia 17 grudnia 2021 r. o ochotniczych stra\u017cach po\u017carnych stra\u017cakowi ratownikowi OSP przys\u0142uguje \u015bwiadczenie ratownicze (corocznie waloryzowane).<\/p>\n\n\n\n<p>Prawo do tego \u015bwiadczenia przys\u0142uguje stra\u017cakowi ratownikowi OSP, kt\u00f3ry czynnie uczestniczy\u0142 jako cz\u0142onek OSP w dzia\u0142aniach ratowniczych lub akcjach ratowniczych (wymagany bezpo\u015bredni udzia\u0142 co najmniej raz w roku) \u2013 przez co najmniej przez 25 lat (w przypadku m\u0119\u017cczyzn) oraz 20 lat (w przypadku kobiet). Przy naliczaniu okresu czynnego uczestnictwa w dzia\u0142aniach ratowniczych nie jest wymagane zachowanie ci\u0105g\u0142o\u015bci wys\u0142ugi lat w OSP.<\/p>\n\n\n\n<p>\u015awiadczenie ratownicze przyznaje si\u0119 na wniosek zainteresowanego z\u0142o\u017cony do komendanta powiatowego (miejskiego) PSP \u2013 tj. organu przyznaj\u0105cego, w\u0142a\u015bciwego dla siedziby jednostki OSP, do kt\u00f3rej nale\u017cy stra\u017cak ratownik OSP. Prawo do tego \u015bwiadczenia przys\u0142uguje po osi\u0105gni\u0119ciu przez m\u0119\u017cczyzn\u0119 65 roku \u017cycia, a przez kobiet\u0119 60 roku \u017cycia.<\/p>\n\n\n\n<p>\u015awiadczenie wyp\u0142aca Zak\u0142ad Emerytalno-Rentowy MSWiA:<br>\u2013 wyp\u0142ata nast\u0119puje miesi\u0119cznie, do 15. dnia ka\u017cdego miesi\u0105ca kalendarzowego, pocz\u0105wszy od miesi\u0105ca, w kt\u00f3rym przyznano \u015bwiadczenie ratownicze (art. 18 ust. 2 ustawy);<br>\u2013 zgodnie z art. 51. ust 1. ustawy, osobie, kt\u00f3ra z\u0142o\u017cy wniosek o przyznanie \u015bwiadczenia ratowniczego w terminie 9 miesi\u0119cy od dnia wej\u015bcia w \u017cycie ustawy, przyznaje si\u0119 prawo do \u015bwiadczenia ratowniczego od miesi\u0105ca wej\u015bcia w \u017cycie ustawy, o ile w miesi\u0105cu tym spe\u0142nia\u0142a wszystkie niezb\u0119dne warunki do nabycia prawa do \u015bwiadczenia ratowniczego.<\/p>\n\n\n\n<p>Wz\u00f3r wniosku o przyznanie \u015bwiadczenia okre\u015bla rozporz\u0105dzenie ministra spraw wewn\u0119trznych z dnia 2 lutego 2022 r. (t.j. Dz.U. 2024 r. poz. 411) wydane na podstawie art. 17 ust.11 ustawy z dnia 17 grudnia 2021 r. o ochotniczych stra\u017cach po\u017carnych.<\/p>\n\n\n\n<p><strong>Informacji w powy\u017cszym zakresie udziela pracownik Sekcji organizacyjno-kadrowej tel.: 81-880-14-89<\/strong><\/p>\n\n\n\n<p><a href=\"http:\/\/www.straz.pulawy.pl\/wp-content\/uploads\/2024\/10\/NOWY-wzor-wniosku-o-przyznanie-swiadczenia-ratowniczego.pdf\">Wz\u00f3r wniosku o przyznanie \u015bwiadczenia ratowniczego<\/a><\/p>\n\n\n\n<p><a href=\"http:\/\/www.straz.pulawy.pl\/wp-content\/uploads\/2024\/10\/KLAUZULA-INFORMACYJNA-DLA-UBIAGAJACEGO-SIE-O-SWIADCZENIE-RATOWNICZE.pdf\">Klauzula informacyjna dla osoby ubiegaj\u0105cej si\u0119 o przyznanie \u015bwiadczenia ratowniczego<\/a><\/p>\n\n\n\n<p><a href=\"http:\/\/www.straz.pulawy.pl\/wp-content\/uploads\/2024\/10\/Wzor_oswiadczenia_swiadka-wraz-z-klauzula-informacyjna.pdf\">Wz\u00f3r o\u015bwiadczenia \u015bwiadka wraz klauzul\u0105 informacyjn\u0105<\/a><\/p>\n\n\n\n<p><a href=\"http:\/\/www.straz.pulawy.pl\/wp-content\/uploads\/2024\/10\/Przykladowy-wzor-opinii-o-wiarygodnosci-oswiadczen.docx\">Przyk\u0142adowy wz\u00f3r opinii w\u00f3jta\/burmistrza\/prezydenta doc<\/a><\/p>\n\n\n\n<p><a href=\"http:\/\/www.straz.pulawy.pl\/wp-content\/uploads\/2024\/10\/Przykladowy-wzor-opinii-o-wiarygodnosci-oswiadczen.pdf\">Przyk\u0142adowy wz\u00f3r opinii w\u00f3jta\/burmistrza\/prezydenta pdf<\/a><\/p>\n","protected":false},"excerpt":{"rendered":"<p>Na podstawie art. 16 ustawy z dnia 17 grudnia 2021 r. o ochotniczych stra\u017cach po\u017carnych stra\u017cakowi ratownikowi OSP przys\u0142uguje \u015bwiadczenie ratownicze (corocznie waloryzowane). Prawo do tego \u015bwiadczenia przys\u0142uguje stra\u017cakowi ratownikowi OSP, kt\u00f3ry czynnie uczestniczy\u0142 jako cz\u0142onek OSP w dzia\u0142aniach ratowniczych lub akcjach ratowniczych (wymagany bezpo\u015bredni udzia\u0142 co najmniej raz w roku) \u2013 przez co najmniej [&hellip;]<\/p>\n","protected":false},"author":13,"featured_media":0,"parent":0,"menu_order":0,"comment_status":"closed","ping_status":"closed","template":"","meta":{"footnotes":"","_links_to":"","_links_to_target":""},"class_list":["post-6957","page","type-page","status-publish","hentry"],"_links":{"self":[{"href":"http:\/\/www.straz.pulawy.pl\/index.php?rest_route=\/wp\/v2\/pages\/6957","targetHints":{"allow":["GET"]}}],"collection":[{"href":"http:\/\/www.straz.pulawy.pl\/index.php?rest_route=\/wp\/v2\/pages"}],"about":[{"href":"http:\/\/www.straz.pulawy.pl\/index.php?rest_route=\/wp\/v2\/types\/page"}],"author":[{"embeddable":true,"href":"http:\/\/www.straz.pulawy.pl\/index.php?rest_route=\/wp\/v2\/users\/13"}],"replies":[{"embeddable":true,"href":"http:\/\/www.straz.pulawy.pl\/index.php?rest_route=%2Fwp%2Fv2%2Fcomments&post=6957"}],"version-history":[{"count":6,"href":"http:\/\/www.straz.pulawy.pl\/index.php?rest_route=\/wp\/v2\/pages\/6957\/revisions"}],"predecessor-version":[{"id":6974,"href":"http:\/\/www.straz.pulawy.pl\/index.php?rest_route=\/wp\/v2\/pages\/6957\/revisions\/6974"}],"wp:attachment":[{"href":"http:\/\/www.straz.pulawy.pl\/index.php?rest_route=%2Fwp%2Fv2%2Fmedia&parent=6957"}],"curies":[{"name":"wp","href":"https:\/\/api.w.org\/{rel}","templated":true}]}}