{"id":2917,"date":"2019-06-18T11:10:46","date_gmt":"2019-06-18T09:10:46","guid":{"rendered":"http:\/\/www.straz.pulawy.pl\/?page_id=2917"},"modified":"2021-12-07T11:06:58","modified_gmt":"2021-12-07T10:06:58","slug":"dotacje-i-fundusze-unijne","status":"publish","type":"page","link":"http:\/\/www.straz.pulawy.pl\/?page_id=2917","title":{"rendered":"Dotacje i Fundusze Unijne"},"content":{"rendered":"<p><strong>Sprz\u0119t pozyskany z projektu \u201eUsprawnienie systemu ratownictwa w transporcie kolejowym \u2013 etap I\u201d , kt\u00f3ry realizowany jest w ramach Programu Infrastruktura i \u015arodowisko 2014-2020.<\/strong><\/p>\n<p><a href=\"http:\/\/www.straz.pulawy.pl\/?p=5089\">\u015aredni samoch\u00f3d ratowniczo \u2013 ga\u015bniczy kategorii terenowej do gaszenia po\u017car\u00f3w w trudno dost\u0119pnym terenie.<\/a><\/p>\n<p class=\"rtejustify\"><strong>Inwestycje Komendy Powiatowej PSP w Pu\u0142awach dofinansowane przez WFO\u015aiGW w Lublinie:<\/strong><\/p>\n<p class=\"rtejustify\">&#8222;Zakup samochodu\u00a0dla KP PSP w Pu\u0142awach&#8221;<\/p>\n<p class=\"rtejustify\"><strong>Inwestycje Komendy Powiatowej PSP w Pu\u0142awach dofinansowane przez NFO\u015aiGW:<\/strong><\/p>\n<p class=\"rtejustify\">\u00a0Man TGS 26.440 6&#215;6 GCBA 9,5\/50<\/p>\n<p class=\"rtejustify\"><strong>Inwestycje Komendy Powiatowej PSP w Pu\u0142awach zrealizowane w ramach Programu Opreacyjnego Infrastruktura i \u015arodowisko:<\/strong><\/p>\n<p class=\"rtejustify\">Projekt pt. \u201eTrans &#8211; BiaLubOL Poprawa bezpiecze\u0144stwa na drogach w wojew\u00f3dztwie lubelskim, podlaskim i warmi\u0144sko-mazurskim&#8221;<\/p>\n<div class=\"rtejustify\"><strong>Inwestycje wsp\u00f3\u0142finansowane ze \u015brodk\u00f3w Europejskiego Funduszu Rozwoju Regionalnego w ramach Regionalnego Programu Operacyjnego Wojew\u00f3dztwa Lubelskiego na lata 2007-2013.<\/strong><\/div>\n<div class=\"rtejustify\"><\/div>\n<ol>\n<li class=\"rtejustify\">Projekt pt. \u201ePoprawa systemu bezpiecze\u0144stwa chemiczno-ekologicznego na obszarze powiat\u00f3w \u015bwidnickiego, pu\u0142awskiego, ryckiego i \u0142\u0119czy\u0144skiego\u201d.<\/li>\n<li class=\"rtejustify\">Projekt pt. \u201ePoprawa bezpiecze\u0144stwa powodziowego i ekologicznego na obszarze powiatu\u00a0 pu\u0142awskiego\u201d.<\/li>\n<\/ol>\n","protected":false},"excerpt":{"rendered":"<p>Sprz\u0119t pozyskany z projektu \u201eUsprawnienie systemu ratownictwa w transporcie kolejowym \u2013 etap I\u201d , kt\u00f3ry realizowany jest w ramach Programu Infrastruktura i \u015arodowisko 2014-2020. \u015aredni samoch\u00f3d ratowniczo \u2013 ga\u015bniczy kategorii terenowej do gaszenia po\u017car\u00f3w w trudno dost\u0119pnym terenie. Inwestycje Komendy Powiatowej PSP w Pu\u0142awach dofinansowane przez WFO\u015aiGW w Lublinie: &#8222;Zakup samochodu\u00a0dla KP PSP w Pu\u0142awach&#8221; [&hellip;]<\/p>\n","protected":false},"author":2,"featured_media":0,"parent":0,"menu_order":0,"comment_status":"closed","ping_status":"closed","template":"","meta":{"footnotes":"","_links_to":"","_links_to_target":""},"class_list":["post-2917","page","type-page","status-publish","hentry"],"_links":{"self":[{"href":"http:\/\/www.straz.pulawy.pl\/index.php?rest_route=\/wp\/v2\/pages\/2917","targetHints":{"allow":["GET"]}}],"collection":[{"href":"http:\/\/www.straz.pulawy.pl\/index.php?rest_route=\/wp\/v2\/pages"}],"about":[{"href":"http:\/\/www.straz.pulawy.pl\/index.php?rest_route=\/wp\/v2\/types\/page"}],"author":[{"embeddable":true,"href":"http:\/\/www.straz.pulawy.pl\/index.php?rest_route=\/wp\/v2\/users\/2"}],"replies":[{"embeddable":true,"href":"http:\/\/www.straz.pulawy.pl\/index.php?rest_route=%2Fwp%2Fv2%2Fcomments&post=2917"}],"version-history":[{"count":3,"href":"http:\/\/www.straz.pulawy.pl\/index.php?rest_route=\/wp\/v2\/pages\/2917\/revisions"}],"predecessor-version":[{"id":5107,"href":"http:\/\/www.straz.pulawy.pl\/index.php?rest_route=\/wp\/v2\/pages\/2917\/revisions\/5107"}],"wp:attachment":[{"href":"http:\/\/www.straz.pulawy.pl\/index.php?rest_route=%2Fwp%2Fv2%2Fmedia&parent=2917"}],"curies":[{"name":"wp","href":"https:\/\/api.w.org\/{rel}","templated":true}]}}