{"id":2793,"date":"2019-05-28T10:15:05","date_gmt":"2019-05-28T08:15:05","guid":{"rendered":"http:\/\/www.straz.pulawy.pl\/?page_id=2793"},"modified":"2024-09-04T06:44:11","modified_gmt":"2024-09-04T04:44:11","slug":"dotacje-firm-ubezpieczeniowych","status":"publish","type":"page","link":"http:\/\/www.straz.pulawy.pl\/?page_id=2793","title":{"rendered":"Dotacje Firm Ubezpieczeniowych"},"content":{"rendered":"<p><a href=\"https:\/\/isap.sejm.gov.pl\/isap.nsf\/DocDetails.xsp?id=WDU20220002732\">Zasady podzia\u0142u \u015brodk\u00f3w finansowych przeznaczonych wy\u0142\u0105cznie na cele ochrony przeciwpo\u017carowej<\/a><\/p>\n<p><strong><a href=\"https:\/\/www.straz.pulawy.pl\/wp-content\/uploads\/2024\/09\/Wniosek_o_dofinansowanie_srodkami_z_zakladow_ubezpieczeniowych_OSP_i_pozostale.docx\">Wniosek_o_dofinansowanie_\u015brodkami_z_zak\u0142ad\u00f3w_ubezpieczeniowych_OSP_i_pozosta\u0142e<\/a><\/strong><\/p>\n<p><strong>Uwaga!!!<\/strong><\/p>\n<p><strong>Przy sk\u0142adaniu wniosk\u00f3w obowi\u0105zuje droga s\u0142u\u017cbowa &#8211; wymagana jest opinia w\u0142a\u015bciwego komendanta miejskiego\/powiatowego PSP. \u00a0 <\/strong><\/p>\n","protected":false},"excerpt":{"rendered":"<p>Zasady podzia\u0142u \u015brodk\u00f3w finansowych przeznaczonych wy\u0142\u0105cznie na cele ochrony przeciwpo\u017carowej Wniosek_o_dofinansowanie_\u015brodkami_z_zak\u0142ad\u00f3w_ubezpieczeniowych_OSP_i_pozosta\u0142e Uwaga!!! Przy sk\u0142adaniu wniosk\u00f3w obowi\u0105zuje droga s\u0142u\u017cbowa &#8211; wymagana jest opinia w\u0142a\u015bciwego komendanta miejskiego\/powiatowego PSP. \u00a0<\/p>\n","protected":false},"author":2,"featured_media":0,"parent":0,"menu_order":0,"comment_status":"closed","ping_status":"closed","template":"","meta":{"footnotes":"","_links_to":"","_links_to_target":""},"class_list":["post-2793","page","type-page","status-publish","hentry"],"_links":{"self":[{"href":"http:\/\/www.straz.pulawy.pl\/index.php?rest_route=\/wp\/v2\/pages\/2793","targetHints":{"allow":["GET"]}}],"collection":[{"href":"http:\/\/www.straz.pulawy.pl\/index.php?rest_route=\/wp\/v2\/pages"}],"about":[{"href":"http:\/\/www.straz.pulawy.pl\/index.php?rest_route=\/wp\/v2\/types\/page"}],"author":[{"embeddable":true,"href":"http:\/\/www.straz.pulawy.pl\/index.php?rest_route=\/wp\/v2\/users\/2"}],"replies":[{"embeddable":true,"href":"http:\/\/www.straz.pulawy.pl\/index.php?rest_route=%2Fwp%2Fv2%2Fcomments&post=2793"}],"version-history":[{"count":5,"href":"http:\/\/www.straz.pulawy.pl\/index.php?rest_route=\/wp\/v2\/pages\/2793\/revisions"}],"predecessor-version":[{"id":6910,"href":"http:\/\/www.straz.pulawy.pl\/index.php?rest_route=\/wp\/v2\/pages\/2793\/revisions\/6910"}],"wp:attachment":[{"href":"http:\/\/www.straz.pulawy.pl\/index.php?rest_route=%2Fwp%2Fv2%2Fmedia&parent=2793"}],"curies":[{"name":"wp","href":"https:\/\/api.w.org\/{rel}","templated":true}]}}