{"id":2788,"date":"2019-05-28T10:10:09","date_gmt":"2019-05-28T08:10:09","guid":{"rendered":"http:\/\/www.straz.pulawy.pl\/?page_id=2788"},"modified":"2025-05-13T20:09:02","modified_gmt":"2025-05-13T18:09:02","slug":"dotacje-ksrg","status":"publish","type":"page","link":"http:\/\/www.straz.pulawy.pl\/?page_id=2788","title":{"rendered":"Dotacje KSRG"},"content":{"rendered":"<p><strong>Dotacje KSRG 2025<\/strong><\/p>\n<p><a href=\"https:\/\/www.straz.pulawy.pl\/wp-content\/uploads\/2025\/05\/Zal.-2.-Zakres-przedmiotowy-dotacji-KSRG-na-rok-2025-1.pdf\">Zakres asortymentowy dotacji KSRG 2025 r.<\/a><\/p>\n<p><a href=\"http:\/\/www.straz.pulawy.pl\/wp-content\/uploads\/2024\/04\/1-Wniosek-KSRG-MSWiA-1.docx\">Wz\u00f3r wniosku o dotacje KSRG<\/a><\/p>\n<p><a href=\"https:\/\/www.straz.pulawy.pl\/wp-content\/uploads\/2022\/09\/16-Wytyczne-do-rozliczenia-dotacji-KSRG.pdf\">Wytyczne do rozliczania dotacji KSRG.<\/a><\/p>\n<p><strong>W przypadku zakupu ubrania specjalnego obowi\u0105zuje zatwierdzony przez KG PSP opis przedmiotu zam\u00f3wienia ubrania specjalnego dla Ochotniczych Stra\u017cy Po\u017carnych. <a href=\"http:\/\/www.straz.pulawy.pl\/wp-content\/uploads\/2019\/05\/opzosp0001-1-710x1024.jpg\">(pobierz)<\/a><\/strong><\/p>\n<p>Wymagane dane do wype\u0142nienia wniosku na dotacj\u0119:<\/p>\n<ol>\n<li>Numer rachunku bankowego i nazwa banku (wyci\u0105g z konta bankowego).<\/li>\n<li>Numer KRS i data wpisu do rejestru.<\/li>\n<li>Imiona i nazwiska oraz numery pesel reprezentant\u00f3w jednostki, kt\u00f3rzy b\u0119d\u0105 podpisa\u0107 umow\u0119 zgodnie z KRS.<\/li>\n<\/ol>\n\n\n<div data-wp-interactive=\"core\/file\" class=\"wp-block-file\"><object data-wp-bind--hidden=\"!state.hasPdfPreview\" hidden class=\"wp-block-file__embed\" data=\"http:\/\/www.straz.pulawy.pl\/wp-content\/uploads\/2024\/04\/Zakres_przedmiotowy_dotacji_KSRG_2024-1-1.pdf\" type=\"application\/pdf\" style=\"width:100%;height:600px\" aria-label=\"Osadzone z Zakres_przedmiotowy_dotacji_KSRG_2024-1.\"><\/object><a id=\"wp-block-file--media-f8cd406e-ac30-43e7-a83d-b556c3d31792\" href=\"http:\/\/www.straz.pulawy.pl\/wp-content\/uploads\/2024\/04\/Zakres_przedmiotowy_dotacji_KSRG_2024-1-1.pdf\">Zakres_przedmiotowy_dotacji_KSRG_2024-1<\/a><a href=\"http:\/\/www.straz.pulawy.pl\/wp-content\/uploads\/2024\/04\/Zakres_przedmiotowy_dotacji_KSRG_2024-1-1.pdf\" class=\"wp-block-file__button wp-element-button\" download aria-describedby=\"wp-block-file--media-f8cd406e-ac30-43e7-a83d-b556c3d31792\">Pobierz<\/a><\/div>\n","protected":false},"excerpt":{"rendered":"<p>Dotacje KSRG 2025 Zakres asortymentowy dotacji KSRG 2025 r. Wz\u00f3r wniosku o dotacje KSRG Wytyczne do rozliczania dotacji KSRG. W przypadku zakupu ubrania specjalnego obowi\u0105zuje zatwierdzony przez KG PSP opis przedmiotu zam\u00f3wienia ubrania specjalnego dla Ochotniczych Stra\u017cy Po\u017carnych. (pobierz) Wymagane dane do wype\u0142nienia wniosku na dotacj\u0119: Numer rachunku bankowego i nazwa banku (wyci\u0105g z konta [&hellip;]<\/p>\n","protected":false},"author":2,"featured_media":0,"parent":0,"menu_order":0,"comment_status":"closed","ping_status":"closed","template":"","meta":{"footnotes":"","_links_to":"","_links_to_target":""},"class_list":["post-2788","page","type-page","status-publish","hentry"],"_links":{"self":[{"href":"http:\/\/www.straz.pulawy.pl\/index.php?rest_route=\/wp\/v2\/pages\/2788","targetHints":{"allow":["GET"]}}],"collection":[{"href":"http:\/\/www.straz.pulawy.pl\/index.php?rest_route=\/wp\/v2\/pages"}],"about":[{"href":"http:\/\/www.straz.pulawy.pl\/index.php?rest_route=\/wp\/v2\/types\/page"}],"author":[{"embeddable":true,"href":"http:\/\/www.straz.pulawy.pl\/index.php?rest_route=\/wp\/v2\/users\/2"}],"replies":[{"embeddable":true,"href":"http:\/\/www.straz.pulawy.pl\/index.php?rest_route=%2Fwp%2Fv2%2Fcomments&post=2788"}],"version-history":[{"count":51,"href":"http:\/\/www.straz.pulawy.pl\/index.php?rest_route=\/wp\/v2\/pages\/2788\/revisions"}],"predecessor-version":[{"id":7401,"href":"http:\/\/www.straz.pulawy.pl\/index.php?rest_route=\/wp\/v2\/pages\/2788\/revisions\/7401"}],"wp:attachment":[{"href":"http:\/\/www.straz.pulawy.pl\/index.php?rest_route=%2Fwp%2Fv2%2Fmedia&parent=2788"}],"curies":[{"name":"wp","href":"https:\/\/api.w.org\/{rel}","templated":true}]}}