{"id":230,"date":"2019-04-29T21:03:11","date_gmt":"2019-04-29T19:03:11","guid":{"rendered":"http:\/\/www.straz.pulawy.pl\/?page_id=230"},"modified":"2019-06-17T14:32:15","modified_gmt":"2019-06-17T12:32:15","slug":"uzgodnij-operat-pozarowy","status":"publish","type":"page","link":"http:\/\/www.straz.pulawy.pl\/?page_id=230","title":{"rendered":"Uzgodnij operat po\u017carowy"},"content":{"rendered":"<div class=\"entry-content\">\n<div class=\"vc_row wpb_row vc_row-fluid\">\n<div class=\"wpb_column vc_column_container vc_col-sm-12\">\n<div class=\"vc_column-inner \">\n<div class=\"wpb_wrapper\">\n<div class=\"wpb_text_column wpb_content_element \">\n<div class=\"wpb_wrapper\">\n<p>Wym\u00f3g opracowania Operatu Po\u017carowego wynika z Ustawy o odpadach z dnia 14 grudnia 2014 r. oraz ustawy Prawo Ochrony \u015arodowiska z dnia 27 kwietnia 2001 r. Operat Po\u017carowy, zawieraj\u0105cy informacje formalno-prawne o obiekcie oraz informacje z zakresu ochrony przeciwpo\u017carowej obiektu, powinien by\u0107 przed\u0142o\u017cony przez w\u0142a\u015bciciela obiektu.<\/p>\n<p>Operat Po\u017carowy okre\u015bla warunki ochrony przeciwpo\u017carowej obiektu lub jego cz\u0119\u015bci (innego miejsca magazynowania odpad\u00f3w). Podlega uzgodnieniu z w\u0142a\u015bciwym miejscowo komendantem powiatowym (miejskim) Pa\u0144stwowej Stra\u017cy Po\u017carnej. Uzgodnienie mo\u017ce przyj\u0105\u0107 jedn\u0105 z trzech postaci:<\/p>\n<p>\u2013 wyra\u017cenia zgody na zastosowanie warunk\u00f3w ochrony przeciwpo\u017carowej zawartych w operacie przeciwpo\u017carowym,<\/p>\n<p>\u2013 wyra\u017cenia zgody na zastosowanie ww. warunk\u00f3w, przy jednoczesnym spe\u0142nieniu dodatkowych wymaga\u0144,<\/p>\n<p>\u2013 nie wyra\u017cenia zgody na zastosowanie ww. warunk\u00f3w.<\/p>\n<p>Uzgodnienie ma posta\u0107 postanowienia, na kt\u00f3re przys\u0142uguje za\u017calenie do Komendanta Wojew\u00f3dzkiego Pa\u0144stwowej Stra\u017cy Po\u017carnej.<\/p>\n<p>Po wdro\u017ceniu Operatu uruchomienie dzia\u0142alno\u015bci jest mo\u017cliwe dopiero po kontroli Pa\u0144stwowej Stra\u017cy Po\u017carnej.<\/p>\n<\/div>\n<\/div>\n<\/div>\n<\/div>\n<\/div>\n<\/div>\n<\/div>\n","protected":false},"excerpt":{"rendered":"<p>Wym\u00f3g opracowania Operatu Po\u017carowego wynika z Ustawy o odpadach z dnia 14 grudnia 2014 r. oraz ustawy Prawo Ochrony \u015arodowiska z dnia 27 kwietnia 2001 r. Operat Po\u017carowy, zawieraj\u0105cy informacje formalno-prawne o obiekcie oraz informacje z zakresu ochrony przeciwpo\u017carowej obiektu, powinien by\u0107 przed\u0142o\u017cony przez w\u0142a\u015bciciela obiektu. Operat Po\u017carowy okre\u015bla warunki ochrony przeciwpo\u017carowej obiektu lub jego [&hellip;]<\/p>\n","protected":false},"author":2,"featured_media":0,"parent":16,"menu_order":0,"comment_status":"closed","ping_status":"closed","template":"","meta":{"footnotes":"","_links_to":"","_links_to_target":""},"class_list":["post-230","page","type-page","status-publish","hentry"],"_links":{"self":[{"href":"http:\/\/www.straz.pulawy.pl\/index.php?rest_route=\/wp\/v2\/pages\/230","targetHints":{"allow":["GET"]}}],"collection":[{"href":"http:\/\/www.straz.pulawy.pl\/index.php?rest_route=\/wp\/v2\/pages"}],"about":[{"href":"http:\/\/www.straz.pulawy.pl\/index.php?rest_route=\/wp\/v2\/types\/page"}],"author":[{"embeddable":true,"href":"http:\/\/www.straz.pulawy.pl\/index.php?rest_route=\/wp\/v2\/users\/2"}],"replies":[{"embeddable":true,"href":"http:\/\/www.straz.pulawy.pl\/index.php?rest_route=%2Fwp%2Fv2%2Fcomments&post=230"}],"version-history":[{"count":2,"href":"http:\/\/www.straz.pulawy.pl\/index.php?rest_route=\/wp\/v2\/pages\/230\/revisions"}],"predecessor-version":[{"id":2865,"href":"http:\/\/www.straz.pulawy.pl\/index.php?rest_route=\/wp\/v2\/pages\/230\/revisions\/2865"}],"up":[{"embeddable":true,"href":"http:\/\/www.straz.pulawy.pl\/index.php?rest_route=\/wp\/v2\/pages\/16"}],"wp:attachment":[{"href":"http:\/\/www.straz.pulawy.pl\/index.php?rest_route=%2Fwp%2Fv2%2Fmedia&parent=230"}],"curies":[{"name":"wp","href":"https:\/\/api.w.org\/{rel}","templated":true}]}}