{"id":224,"date":"2019-04-29T21:02:31","date_gmt":"2019-04-29T19:02:31","guid":{"rendered":"http:\/\/www.straz.pulawy.pl\/?page_id=224"},"modified":"2019-06-17T14:08:44","modified_gmt":"2019-06-17T12:08:44","slug":"zglos-impreze-masowa","status":"publish","type":"page","link":"http:\/\/www.straz.pulawy.pl\/?page_id=224","title":{"rendered":"Zg\u0142o\u015b imprez\u0119 masow\u0105"},"content":{"rendered":"<div class=\"entry-content\">\n<div class=\"vc_row wpb_row vc_row-fluid\">\n<div class=\"wpb_column vc_column_container vc_col-sm-12\">\n<div class=\"vc_column-inner \">\n<div class=\"wpb_wrapper\">\n<div class=\"wpb_text_column wpb_content_element \">\n<div class=\"wpb_wrapper\">\n<p>Organizator imprezy masowej, nie p\u00f3\u017aniej ni\u017c na 30 dni (w wyj\u0105tkowych i uzasadnionych przypadkach \u2013 14 dni- gdy potrzeba organizacji imprezy masowej wynika z przyczyn nag\u0142ych oraz je\u017celi charakter imprezy masowej odpowiada przeznaczeniu obiektu okre\u015blonemu w projekcie budowlanym tego obiektu) przed planowanym terminem jej rozpocz\u0119cia zwraca si\u0119 do w\u0142a\u015bciwego ze wzgl\u0119du na miejsce przeprowadzenia imprezy masowej komendanta powiatowego (miejskiego) Pa\u0144stwowej Stra\u017cy Po\u017carnej o wydanie opinii o niezb\u0119dnej wielko\u015bci si\u0142 i \u015brodk\u00f3w potrzebnych do zabezpieczenia imprezy masowej, zastrze\u017ceniach do stanu technicznego obiektu (terenu) oraz o przewidywanych zagro\u017ceniach.<\/p>\n<p>Wniosek powinien zawiera\u0107:<\/p>\n<p>1) dane wnioskodawcy,<\/p>\n<p>2) \u017c\u0105danie wydania opinii o niezb\u0119dnej wielko\u015bci si\u0142 i \u015brodk\u00f3w potrzebnych do zabezpieczenia imprezy masowej, zastrze\u017ceniach do stanu technicznego obiektu lub terenu oraz o przewidywanych zagro\u017ceniach.<\/p>\n<p>Do wniosku nale\u017cy do\u0142\u0105czy\u0107 stosowne za\u0142\u0105czniki o kt\u00f3rych mowa w Ustawie o bezpiecze\u0144stwie imprez masowych.<\/p>\n<p>Komendant powiatowy (miejski) Pa\u0144stwowej Stra\u017cy Po\u017carnej w ustalonym z organizatorem imprezy terminie dokonuje lustracji obiektu, na kt\u00f3rym ma by\u0107 przeprowadzona impreza masowa.<\/p>\n<\/div>\n<\/div>\n<\/div>\n<\/div>\n<\/div>\n<\/div>\n<\/div>\n","protected":false},"excerpt":{"rendered":"<p>Organizator imprezy masowej, nie p\u00f3\u017aniej ni\u017c na 30 dni (w wyj\u0105tkowych i uzasadnionych przypadkach \u2013 14 dni- gdy potrzeba organizacji imprezy masowej wynika z przyczyn nag\u0142ych oraz je\u017celi charakter imprezy masowej odpowiada przeznaczeniu obiektu okre\u015blonemu w projekcie budowlanym tego obiektu) przed planowanym terminem jej rozpocz\u0119cia zwraca si\u0119 do w\u0142a\u015bciwego ze wzgl\u0119du na miejsce przeprowadzenia imprezy [&hellip;]<\/p>\n","protected":false},"author":2,"featured_media":0,"parent":16,"menu_order":0,"comment_status":"closed","ping_status":"closed","template":"","meta":{"footnotes":"","_links_to":"","_links_to_target":""},"class_list":["post-224","page","type-page","status-publish","hentry"],"_links":{"self":[{"href":"http:\/\/www.straz.pulawy.pl\/index.php?rest_route=\/wp\/v2\/pages\/224","targetHints":{"allow":["GET"]}}],"collection":[{"href":"http:\/\/www.straz.pulawy.pl\/index.php?rest_route=\/wp\/v2\/pages"}],"about":[{"href":"http:\/\/www.straz.pulawy.pl\/index.php?rest_route=\/wp\/v2\/types\/page"}],"author":[{"embeddable":true,"href":"http:\/\/www.straz.pulawy.pl\/index.php?rest_route=\/wp\/v2\/users\/2"}],"replies":[{"embeddable":true,"href":"http:\/\/www.straz.pulawy.pl\/index.php?rest_route=%2Fwp%2Fv2%2Fcomments&post=224"}],"version-history":[{"count":2,"href":"http:\/\/www.straz.pulawy.pl\/index.php?rest_route=\/wp\/v2\/pages\/224\/revisions"}],"predecessor-version":[{"id":2854,"href":"http:\/\/www.straz.pulawy.pl\/index.php?rest_route=\/wp\/v2\/pages\/224\/revisions\/2854"}],"up":[{"embeddable":true,"href":"http:\/\/www.straz.pulawy.pl\/index.php?rest_route=\/wp\/v2\/pages\/16"}],"wp:attachment":[{"href":"http:\/\/www.straz.pulawy.pl\/index.php?rest_route=%2Fwp%2Fv2%2Fmedia&parent=224"}],"curies":[{"name":"wp","href":"https:\/\/api.w.org\/{rel}","templated":true}]}}