{"id":222,"date":"2019-04-29T21:02:16","date_gmt":"2019-04-29T19:02:16","guid":{"rendered":"http:\/\/www.straz.pulawy.pl\/?page_id=222"},"modified":"2023-10-13T09:30:37","modified_gmt":"2023-10-13T07:30:37","slug":"zglos-probna-ewakuacje","status":"publish","type":"page","link":"http:\/\/www.straz.pulawy.pl\/?page_id=222","title":{"rendered":"Zg\u0142o\u015b pr\u00f3bn\u0105 ewakuacj\u0119"},"content":{"rendered":"<div class=\"vc_row wpb_row vc_row-fluid\">\n<div class=\"wpb_column vc_column_container vc_col-sm-12\">\n<div class=\"vc_column-inner \">\n<div class=\"wpb_wrapper\">\n<div class=\"wpb_text_column wpb_content_element \">\n<div class=\"wpb_wrapper\">\n<p>Zgodnie z art. 17 Rozporz\u0105dzenia Ministra Spraw Wewn\u0119trznych i Administracji z dnia 7 czerwca 2010 r. w sprawie ochrony przeciwpo\u017carowej budynk\u00f3w, innych obiekt\u00f3w budowlanych i teren\u00f3w ( Dz. U. Nr 109, poz. 719) w\u0142a\u015bciciel lub zarz\u0105dca obiektu przeznaczonego dla ponad 50 os\u00f3b b\u0119d\u0105cych jego sta\u0142ymi u\u017cytkownikami, niezakwalifikowanego do kategorii zagro\u017cenia ludzi ZL IV, powinien co najmniej raz na 2 lata przeprowadza\u0107 praktyczne sprawdzenie organizacji oraz warunk\u00f3w ewakuacji z ca\u0142ego obiektu.<\/p>\n<p>W\u0142a\u015bciciel lub zarz\u0105dca obiektu powiadamia w\u0142a\u015bciwego miejscowo komendanta powiatowego (miejskiego) Pa\u0144stwowej Stra\u017cy Po\u017carnej o terminie przeprowadzenia dzia\u0142a\u0144, nie p\u00f3\u017aniej ni\u017c na tydzie\u0144 przed ich przeprowadzeniem.<\/p>\n<p>W przypadku obiekt\u00f3w, w kt\u00f3rych maj\u0105 miejsce okresowe zmiany ilo\u015bci u\u017cytkownik\u00f3w, w szczeg\u00f3lno\u015bci: szk\u00f3\u0142, przedszkoli, internat\u00f3w, dom\u00f3w studenckich, pr\u00f3bnej ewakuacji nale\u017cy dokona\u0107 co najmniej raz na rok, jednak w terminie nie d\u0142u\u017cszym ni\u017c 3 miesi\u0105ce od dnia rozpocz\u0119cia korzystania z obiektu przez nowych u\u017cytkownik\u00f3w.<\/p>\n<p>W przypadku obiektu zawieraj\u0105cego stref\u0119 po\u017carow\u0105 zakwalifikowan\u0105 do kategorii zagro\u017cenia ludzi ZL II (obiekty u\u017cyteczno\u015bci publicznej przeznaczone przede wszystkim do u\u017cytku os\u00f3b o ograniczonej zdolno\u015bci poruszania si\u0119, takie jak: szpitale, \u017c\u0142obki, przedszkola, domy dla os\u00f3b starszych) oraz w przypadku zak\u0142ad\u00f3w karnych i areszt\u00f3w \u015bledczych, zakres i obszar budynku obj\u0119ty praktycznym sprawdzeniem organizacji i warunk\u00f3w ewakuacji musi by\u0107 uzgodniony z w\u0142a\u015bciwym miejscowo komendantem powiatowym (miejskim) Pa\u0144stwowej Stra\u017cy Po\u017carnej.<br \/>\n[pdf-embedder url=&#8221;https:\/\/www.straz.pulawy.pl\/wp-content\/uploads\/2020\/11\/Zgloszenie-probnej-ewakuacji.pdf&#8221; title=&#8221;Zg\u0142oszenie pr\u00f3bnej ewakuacji&#8221;]<\/p>\n<h3><a href=\"https:\/\/www.straz.pulawy.pl\/wp-content\/uploads\/2019\/04\/zgloszenie_probnej_ewakuacji.pdf\">Wz\u00f3r zg\u0142oszenia pr\u00f3bnej ewakuacji do Komendanta PSP w Pu\u0142awach<\/a><\/h3>\n<h3><a href=\"http:\/\/www.straz.pulawy.pl\/wp-content\/uploads\/2021\/10\/ewakuacja_protokol.doc\">Przyk\u0142adowy protok\u00f3\u0142 pr\u00f3bnej ewakuacji<\/a><\/h3>\n<\/div>\n<\/div>\n<\/div>\n<\/div>\n<\/div>\n<\/div>\n","protected":false},"excerpt":{"rendered":"<p>Zgodnie z art. 17 Rozporz\u0105dzenia Ministra Spraw Wewn\u0119trznych i Administracji z dnia 7 czerwca 2010 r. w sprawie ochrony przeciwpo\u017carowej budynk\u00f3w, innych obiekt\u00f3w budowlanych i teren\u00f3w ( Dz. U. Nr 109, poz. 719) w\u0142a\u015bciciel lub zarz\u0105dca obiektu przeznaczonego dla ponad 50 os\u00f3b b\u0119d\u0105cych jego sta\u0142ymi u\u017cytkownikami, niezakwalifikowanego do kategorii zagro\u017cenia ludzi ZL IV, powinien co [&hellip;]<\/p>\n","protected":false},"author":2,"featured_media":0,"parent":16,"menu_order":0,"comment_status":"closed","ping_status":"closed","template":"","meta":{"footnotes":"","_links_to":"","_links_to_target":""},"class_list":["post-222","page","type-page","status-publish","hentry"],"_links":{"self":[{"href":"http:\/\/www.straz.pulawy.pl\/index.php?rest_route=\/wp\/v2\/pages\/222","targetHints":{"allow":["GET"]}}],"collection":[{"href":"http:\/\/www.straz.pulawy.pl\/index.php?rest_route=\/wp\/v2\/pages"}],"about":[{"href":"http:\/\/www.straz.pulawy.pl\/index.php?rest_route=\/wp\/v2\/types\/page"}],"author":[{"embeddable":true,"href":"http:\/\/www.straz.pulawy.pl\/index.php?rest_route=\/wp\/v2\/users\/2"}],"replies":[{"embeddable":true,"href":"http:\/\/www.straz.pulawy.pl\/index.php?rest_route=%2Fwp%2Fv2%2Fcomments&post=222"}],"version-history":[{"count":9,"href":"http:\/\/www.straz.pulawy.pl\/index.php?rest_route=\/wp\/v2\/pages\/222\/revisions"}],"predecessor-version":[{"id":6487,"href":"http:\/\/www.straz.pulawy.pl\/index.php?rest_route=\/wp\/v2\/pages\/222\/revisions\/6487"}],"up":[{"embeddable":true,"href":"http:\/\/www.straz.pulawy.pl\/index.php?rest_route=\/wp\/v2\/pages\/16"}],"wp:attachment":[{"href":"http:\/\/www.straz.pulawy.pl\/index.php?rest_route=%2Fwp%2Fv2%2Fmedia&parent=222"}],"curies":[{"name":"wp","href":"https:\/\/api.w.org\/{rel}","templated":true}]}}