{"id":218,"date":"2019-04-29T21:01:40","date_gmt":"2019-04-29T19:01:40","guid":{"rendered":"http:\/\/www.straz.pulawy.pl\/?page_id=218"},"modified":"2022-11-09T09:37:41","modified_gmt":"2022-11-09T08:37:41","slug":"zglos-zakonczenie-budowy","status":"publish","type":"page","link":"http:\/\/www.straz.pulawy.pl\/?page_id=218","title":{"rendered":"Zg\u0142o\u015b zako\u0144czenie budowy"},"content":{"rendered":"<div class=\"vc_row wpb_row vc_row-fluid\">\n<div class=\"wpb_column vc_column_container vc_col-sm-12\">\n<div class=\"vc_column-inner \">\n<div class=\"wpb_wrapper\">\n<div class=\"wpb_text_column wpb_content_element \">\n<div class=\"wpb_wrapper\">\n<p>Zgodnie z art. 56 Prawo budowlane inwestor, w stosunku do kt\u00f3rego na\u0142o\u017cono obowi\u0105zek uzyskania pozwolenia na u\u017cytkowanie obiektu budowlanego, zobowi\u0105zany jest zawiadomi\u0107 organy Pa\u0144stwowej Inspekcji Sanitarnej oraz Pa\u0144stwowej Stra\u017cy Po\u017carnej o zako\u0144czeniu budowy obiektu budowlanego\u00a0 i zamiarze przyst\u0105pienia do jego u\u017cytkowania. Przepis <span id=\"main-form:full-content-document-view-panel\">stosuje si\u0119 r\u00f3wnie\u017c w przypadku, gdy projekt budowlany obiektu budowlanego nieobj\u0119tego obowi\u0105zkiem uzyskania pozwolenia na u\u017cytkowanie wymaga\u0142 uzgodnienia pod wzgl\u0119dem ochrony przeciwpo\u017carowej lub wymaga\u0144 higienicznych i zdrowotnych.<\/span><\/p>\n<p>Na podstawie zg\u0142oszenia Inwestora, w ci\u0105gu 14 dni funkcjonariusze Pa\u0144stwowej Stra\u017cy Po\u017carnej przeprowadzaj\u0105 czynno\u015bci kontrolno-rozpoznawcze, podczas kt\u00f3rych sprawdzaj\u0105 zgodno\u015b\u0107 wykonania obiektu budowlanego z projektem budowlanym oraz wymaganiami ochrony przeciwpo\u017carowej. Czynno\u015bci kontrolno-rozpoznawcze ko\u0144cz\u0105 si\u0119 podpisaniem protoko\u0142u, na podstawie kt\u00f3rego wydawane jest stanowisko w zakresie ochrony przeciwpo\u017carowej w sprawie zgodno\u015bci wykonania obiektu z projektem budowlanym.<\/p>\n<p>Zgodnie z art. 57 Prawo budowlane, do zawiadomienia o zako\u0144czeniu budowy obiektu budowlanego lub wniosku o udzielenie pozwolenia na u\u017cytkowanie inwestor jest obowi\u0105zany do\u0142\u0105czy\u0107 stosowne dokumenty.<\/p>\n<h3><a href=\"https:\/\/www.straz.pulawy.pl\/wp-content\/uploads\/2022\/11\/odbior1.doc\">Wz\u00f3r wniosku zawiadomienia &#8211; pobierz<\/a><\/h3>\n<h3><a href=\"https:\/\/www.straz.pulawy.pl\/wp-content\/uploads\/2022\/11\/odbior_w-2.doc\">Wymagane dokumenty stanowi\u0105ce za\u0142\u0105cznik do zawiadomienia &#8211; pobierz<\/a><\/h3>\n<\/div>\n<\/div>\n<\/div>\n<\/div>\n<\/div>\n<\/div>\n","protected":false},"excerpt":{"rendered":"<p>Zgodnie z art. 56 Prawo budowlane inwestor, w stosunku do kt\u00f3rego na\u0142o\u017cono obowi\u0105zek uzyskania pozwolenia na u\u017cytkowanie obiektu budowlanego, zobowi\u0105zany jest zawiadomi\u0107 organy Pa\u0144stwowej Inspekcji Sanitarnej oraz Pa\u0144stwowej Stra\u017cy Po\u017carnej o zako\u0144czeniu budowy obiektu budowlanego\u00a0 i zamiarze przyst\u0105pienia do jego u\u017cytkowania. Przepis stosuje si\u0119 r\u00f3wnie\u017c w przypadku, gdy projekt budowlany obiektu budowlanego nieobj\u0119tego obowi\u0105zkiem uzyskania [&hellip;]<\/p>\n","protected":false},"author":2,"featured_media":0,"parent":16,"menu_order":0,"comment_status":"closed","ping_status":"closed","template":"","meta":{"footnotes":"","_links_to":"","_links_to_target":""},"class_list":["post-218","page","type-page","status-publish","hentry"],"_links":{"self":[{"href":"http:\/\/www.straz.pulawy.pl\/index.php?rest_route=\/wp\/v2\/pages\/218","targetHints":{"allow":["GET"]}}],"collection":[{"href":"http:\/\/www.straz.pulawy.pl\/index.php?rest_route=\/wp\/v2\/pages"}],"about":[{"href":"http:\/\/www.straz.pulawy.pl\/index.php?rest_route=\/wp\/v2\/types\/page"}],"author":[{"embeddable":true,"href":"http:\/\/www.straz.pulawy.pl\/index.php?rest_route=\/wp\/v2\/users\/2"}],"replies":[{"embeddable":true,"href":"http:\/\/www.straz.pulawy.pl\/index.php?rest_route=%2Fwp%2Fv2%2Fcomments&post=218"}],"version-history":[{"count":7,"href":"http:\/\/www.straz.pulawy.pl\/index.php?rest_route=\/wp\/v2\/pages\/218\/revisions"}],"predecessor-version":[{"id":5868,"href":"http:\/\/www.straz.pulawy.pl\/index.php?rest_route=\/wp\/v2\/pages\/218\/revisions\/5868"}],"up":[{"embeddable":true,"href":"http:\/\/www.straz.pulawy.pl\/index.php?rest_route=\/wp\/v2\/pages\/16"}],"wp:attachment":[{"href":"http:\/\/www.straz.pulawy.pl\/index.php?rest_route=%2Fwp%2Fv2%2Fmedia&parent=218"}],"curies":[{"name":"wp","href":"https:\/\/api.w.org\/{rel}","templated":true}]}}