{"id":203,"date":"2019-04-29T20:58:53","date_gmt":"2019-04-29T18:58:53","guid":{"rendered":"http:\/\/www.straz.pulawy.pl\/?page_id=203"},"modified":"2024-12-27T21:25:50","modified_gmt":"2024-12-27T20:25:50","slug":"jednostki-osp","status":"publish","type":"page","link":"http:\/\/www.straz.pulawy.pl\/?page_id=203","title":{"rendered":"Jednostki OSP"},"content":{"rendered":"<p>[vc_row][vc_column][vc_column_text]Na obszarze powiatu pu\u0142awskiego funkcjonuje 68 jednostek Ochotniczych Stra\u017cy Po\u017carnych. Spo\u015br\u00f3d nich 22 jednostek w\u0142\u0105czonych jest do Krajowego Systemu Ratowniczo-Ga\u015bniczego.<\/p>\n<p><strong>Miasto Pu\u0142awy:<\/strong><\/p>\n<p>OSP Pu\u0142awy-W\u0142ostowice.<\/p>\n<p><strong>Gmina Pu\u0142awy:<\/strong><\/p>\n<p>OSP Go\u0142\u0105b (KSRG),<\/p>\n<p>OSP G\u00f3ra Pu\u0142awska (KSRG),<\/p>\n<p>OSP Opatkowice (KSRG),<\/p>\n<p>OSP\u00a0 Bronowice,<\/p>\n<p>OSP Dobros\u0142aw\u00f3w,<\/p>\n<p>OSP Kowala,<\/p>\n<p>OSP Leokadi\u00f3w,<\/p>\n<p>OSP \u0141\u0119ka,<\/p>\n<p>OSP Niebrzeg\u00f3w,<\/p>\n<p>OSP Kajetan\u00f3w,<\/p>\n<p>OSP Skoki-Borowa.<\/p>\n<p><strong>Gmina Baran\u00f3w:<\/strong><\/p>\n<p>OSP Baran\u00f3w (KSRG),<\/p>\n<p>OSP Czo\u0142na (KSRG),<\/p>\n<p>OSP Kozio\u0142,<\/p>\n<p>OSP Zag\u00f3\u017ad\u017a.<\/p>\n<p><strong>Gmina Janowiec:<\/strong><\/p>\n<p>OSP Janowiec (KSRG),<\/p>\n<p>OSP Oblasy (KSRG),<\/p>\n<p>OSP Janowice,<\/p>\n<p>OSP Nasi\u0142\u00f3w,<\/p>\n<p>OSP Trzcianki,<\/p>\n<p>OSP Wojszyn.<\/p>\n<p><strong>Gmina Kazimierz Dolny:<\/strong><\/p>\n<p>OSP Kazimierz Dolny (KSRG),<\/p>\n<p>OSP Bochotnica (KSRG),<\/p>\n<p>OSP Wierzchoni\u00f3w (KSRG),<\/p>\n<p>OSP D\u0105br\u00f3wka,<\/p>\n<p>OSP Rzeczyca,<\/p>\n<p>OSP Skowieszynek,<\/p>\n<p>OSP Witoszyn.<\/p>\n<p><strong>Gmina Ko\u0144skowola:<\/strong><\/p>\n<p>OSP Ko\u0144skowola (KSRG),<\/p>\n<p>OSP Po\u017c\u00f3g (KSRG),<\/p>\n<p>OSP Witowice (KSRG),<\/p>\n<p>OSP Chrz\u0105ch\u00f3w,<\/p>\n<p>OSP Chrz\u0105ch\u00f3wek,<\/p>\n<p>OSP M\u0142ynki,<\/p>\n<p>OSP Opoka,<\/p>\n<p>OSP Rudy,<\/p>\n<p>OSP Sielce,<\/p>\n<p>OSP Skowieszyn,<\/p>\n<p>OSP Stok.<\/p>\n<p><strong>Gmina Kur\u00f3w:<\/strong><\/p>\n<p>OSP Kur\u00f3w (KSRG),<\/p>\n<p>OSP K\u0142oda (KSRG),<\/p>\n<p>OSP P\u0142onki (KSRG),<\/p>\n<p>OSP Klementowice,<\/p>\n<p>OSP Kolonia Klementowice.<\/p>\n<p><strong>Gmina Markusz\u00f3w:<\/strong><\/p>\n<p>OSP Markusz\u00f3w (KSRG),<\/p>\n<p>OSP Kale\u0144.<\/p>\n<p><strong>Gmina Na\u0142\u0119cz\u00f3w:<\/strong><\/p>\n<p>OSP Na\u0142\u0119cz\u00f3w (KSRG),<\/p>\n<p>OSP Bronice,<\/p>\n<p>OSP Drzewce,<\/p>\n<p>OSP Sadurki.<\/p>\n<p><strong>Gmina W\u0105wolnica:<\/strong><\/p>\n<p>OSP R\u0105bl\u00f3w (KSRG),<\/p>\n<p>OSP W\u0105wolnica (KSRG),<\/p>\n<p>OSP Bart\u0142omiejowice,<\/p>\n<p>OSP Celej\u00f3w,<\/p>\n<p>OSP Grab\u00f3wki,<\/p>\n<p>OSP Huta,<\/p>\n<p>OSP Karmanowice,<\/p>\n<p>OSP \u0141opatki.<\/p>\n<p><strong>Gmina \u017byrzyn:<\/strong><\/p>\n<p>OSP \u017byrzyn (KSRG),<\/p>\n<p>OSP Ba\u0142t\u00f3w (KSRG),<\/p>\n<p>OSP Borys\u00f3w,<\/p>\n<p>OSP Ko\u015bmin,<\/p>\n<p>OSP Kotliny,<\/p>\n<p>OSP Osiny,<\/p>\n<p>OSP Skrudki,<\/p>\n<p>OSP Wola Osi\u0144ska,<\/p>\n<p>OSP \u017berd\u017a.[\/vc_column_text][\/vc_column][\/vc_row]<\/p>\n","protected":false},"excerpt":{"rendered":"<p>[vc_row][vc_column][vc_column_text]Na obszarze powiatu pu\u0142awskiego funkcjonuje 68 jednostek Ochotniczych Stra\u017cy Po\u017carnych. Spo\u015br\u00f3d nich 22 jednostek w\u0142\u0105czonych jest do Krajowego Systemu Ratowniczo-Ga\u015bniczego. Miasto Pu\u0142awy: OSP Pu\u0142awy-W\u0142ostowice. Gmina Pu\u0142awy: OSP Go\u0142\u0105b (KSRG), OSP G\u00f3ra Pu\u0142awska (KSRG), OSP Opatkowice (KSRG), OSP\u00a0 Bronowice, OSP Dobros\u0142aw\u00f3w, OSP Kowala, OSP Leokadi\u00f3w, OSP \u0141\u0119ka, OSP Niebrzeg\u00f3w, OSP Kajetan\u00f3w, OSP Skoki-Borowa. Gmina Baran\u00f3w: OSP [&hellip;]<\/p>\n","protected":false},"author":2,"featured_media":0,"parent":0,"menu_order":0,"comment_status":"closed","ping_status":"closed","template":"","meta":{"footnotes":"","_links_to":"","_links_to_target":""},"class_list":["post-203","page","type-page","status-publish","hentry"],"_links":{"self":[{"href":"http:\/\/www.straz.pulawy.pl\/index.php?rest_route=\/wp\/v2\/pages\/203","targetHints":{"allow":["GET"]}}],"collection":[{"href":"http:\/\/www.straz.pulawy.pl\/index.php?rest_route=\/wp\/v2\/pages"}],"about":[{"href":"http:\/\/www.straz.pulawy.pl\/index.php?rest_route=\/wp\/v2\/types\/page"}],"author":[{"embeddable":true,"href":"http:\/\/www.straz.pulawy.pl\/index.php?rest_route=\/wp\/v2\/users\/2"}],"replies":[{"embeddable":true,"href":"http:\/\/www.straz.pulawy.pl\/index.php?rest_route=%2Fwp%2Fv2%2Fcomments&post=203"}],"version-history":[{"count":11,"href":"http:\/\/www.straz.pulawy.pl\/index.php?rest_route=\/wp\/v2\/pages\/203\/revisions"}],"predecessor-version":[{"id":7101,"href":"http:\/\/www.straz.pulawy.pl\/index.php?rest_route=\/wp\/v2\/pages\/203\/revisions\/7101"}],"wp:attachment":[{"href":"http:\/\/www.straz.pulawy.pl\/index.php?rest_route=%2Fwp%2Fv2%2Fmedia&parent=203"}],"curies":[{"name":"wp","href":"https:\/\/api.w.org\/{rel}","templated":true}]}}