{"id":165,"date":"2019-04-22T15:24:03","date_gmt":"2019-04-22T13:24:03","guid":{"rendered":"http:\/\/www.straz.pulawy.pl\/?page_id=165"},"modified":"2019-04-22T15:42:44","modified_gmt":"2019-04-22T13:42:44","slug":"prewencja","status":"publish","type":"page","link":"http:\/\/www.straz.pulawy.pl\/?page_id=165","title":{"rendered":"Prewencja"},"content":{"rendered":"<p>[vc_row][vc_column][vc_column_text]<strong>Odbi\u00f3r obiektu budowlanego przez PSP.<\/strong>[\/vc_column_text][vc_btn title=&#8221;Obowi\u0105zki inwestora i wymagane dokumenty&#8221; shape=&#8221;square&#8221; align=&#8221;left&#8221; i_icon_fontawesome=&#8221;fa fa-download&#8221; add_icon=&#8221;true&#8221; link=&#8221;url:%2Fwp-content%2Fuploads%2F2019%2F04%2Fwymagane_dokumenty_przez_psp_podczas_odbioru_obiektu_budowlanego_0.docx||target:%20_blank|&#8221;][vc_btn title=&#8221;Druk &#8211; &#8222;Zg\u0142oszenie obiektu budowlanego do odbioru&#8222;&#8221; shape=&#8221;square&#8221; align=&#8221;left&#8221; i_icon_fontawesome=&#8221;fa fa-download&#8221; add_icon=&#8221;true&#8221; link=&#8221;url:%2Fwp-content%2Fuploads%2F2019%2F04%2Fzawiadomienie_o_zakonczeniu_budowy_wzor_dla_inwestora_0.pdf|title:plik%20do%20pobrania|target:%20_blank|&#8221;][\/vc_column][\/vc_row][vc_row][vc_column][vc_column_text]<strong>Pr\u00f3bna ewakuacja<\/strong>[\/vc_column_text][vc_btn title=&#8221;Druk &#8211; &#8222;Zg\u0142oszenie pr\u00f3bnej ewakaucji&#8222;&#8221; shape=&#8221;square&#8221; align=&#8221;left&#8221; i_icon_fontawesome=&#8221;fa fa-download&#8221; add_icon=&#8221;true&#8221; link=&#8221;url:%2Fwp-content%2Fuploads%2F2019%2F04%2Fzgloszenie_probnej_ewakuacji.pdf|title:plik%20do%20pobrania|target:%20_blank|&#8221;][vc_btn title=&#8221;Pobierz&#8221; shape=&#8221;square&#8221; align=&#8221;left&#8221; i_icon_fontawesome=&#8221;fa fa-download&#8221; add_icon=&#8221;true&#8221; link=&#8221;url:%2Fwp-content%2Fuploads%2F2019%2F04%2Fprotokol_probnej_ewakaucji.pdf|title:Druk%20-%20%22Protoko%C5%82%20probnej%20ewakaucji%22|target:%20_blank|&#8221;][\/vc_column][\/vc_row][vc_row][vc_column][vc_column_text]<strong>Monitoring po\u017carowy<\/strong>[\/vc_column_text][vc_column_text]Wymagania organizacyjno &#8211; techniczne dotycz\u0105ce uzgadniania przez Komendanta Powiatowego Pa\u0144stwowej Stra\u017cy Po\u017carnej w Pu\u0142awach sposobu po\u0142\u0105czenia urz\u0105dze\u0144 sygnalizacyjno-alarmowych SSP z obiektem Komendy Powiatowej Pa\u0144stwowej Stra\u017cy Po\u017carnej w Pu\u0142awach, przy ul. Lubelskiej 51 &#8211; Stanowisko Kierowania Komendanta Powiatowego Pa\u0144stwowej Stra\u017cy Po\u017carnej w Pu\u0142awach.[\/vc_column_text][vc_btn title=&#8221;Pobierz&#8221; shape=&#8221;square&#8221; align=&#8221;left&#8221; i_icon_fontawesome=&#8221;fa fa-download&#8221; add_icon=&#8221;true&#8221; link=&#8221;url:%2Fwp-content%2Fuploads%2F2019%2F04%2Fwymagania_organizacyjno_techniczne.pdf|title:plik%20do%20pobrania|target:%20_blank|&#8221;][vc_column_text]Tryb post\u0119powania oraz wymagania w stosunku do w\u0142a\u015bcicieli, zarz\u0105dc\u00f3w lub u\u017cytkownik\u00f3w obiekt\u00f3w podlegaj\u0105cych obowi\u0105zkowi b\u0105d\u017a dobrowolnie w\u0142\u0105czanych do systemu monitoringu po\u017carowego z terenu dzia\u0142ania Komendy Powiatowej Pa\u0144stwowej Stra\u017cy Po\u017carnej w Pu\u0142awach.[\/vc_column_text][vc_btn title=&#8221;Pobierz&#8221; shape=&#8221;square&#8221; align=&#8221;left&#8221; i_icon_fontawesome=&#8221;fa fa-download&#8221; add_icon=&#8221;true&#8221; link=&#8221;url:%2Fwp-content%2Fuploads%2F2019%2F04%2Fzalacznik_nr_2_-_tryb_postepowania_-_31_lipca_2014_r.pdf|title:plik%20do%20pobrania|target:%20_blank|&#8221;][\/vc_column][\/vc_row][vc_row][vc_column][vc_column_text]<strong>Karta informacji o obiekcie &#8211; aktualizacja<\/strong>[\/vc_column_text][vc_btn title=&#8221;Karta informacji o obiekcie &#8211; PDF&#8221; shape=&#8221;square&#8221; align=&#8221;left&#8221; i_icon_fontawesome=&#8221;fa fa-download&#8221; add_icon=&#8221;true&#8221; link=&#8221;url:%2Fwp-content%2Fuploads%2F2019%2F04%2Fkarta_informacji_o_obiekcie_kp_psp_pulawy_-_aktualizacja.pdf|title:plik%20do%20pobrania|target:%20_blank|&#8221;][vc_btn title=&#8221;Karta informacji o obiekcie &#8211; DOC&#8221; shape=&#8221;square&#8221; align=&#8221;left&#8221; i_icon_fontawesome=&#8221;fa fa-download&#8221; add_icon=&#8221;true&#8221; link=&#8221;url:%2Fwp-content%2Fuploads%2F2019%2F04%2Fkarta_informacji_o_obiekcie_kp_psp_pulawy_-_aktualizacja.docx|title:plik%20do%20pobrania|target:%20_blank|&#8221;][\/vc_column][\/vc_row]<\/p>\n","protected":false},"excerpt":{"rendered":"<p>[vc_row][vc_column][vc_column_text]Odbi\u00f3r obiektu budowlanego przez PSP.[\/vc_column_text][vc_btn title=&#8221;Obowi\u0105zki inwestora i wymagane dokumenty&#8221; shape=&#8221;square&#8221; align=&#8221;left&#8221; i_icon_fontawesome=&#8221;fa fa-download&#8221; add_icon=&#8221;true&#8221; link=&#8221;url:%2Fwp-content%2Fuploads%2F2019%2F04%2Fwymagane_dokumenty_przez_psp_podczas_odbioru_obiektu_budowlanego_0.docx||target:%20_blank|&#8221;][vc_btn title=&#8221;Druk &#8211; &#8222;Zg\u0142oszenie obiektu budowlanego do odbioru&#8222;&#8221; shape=&#8221;square&#8221; align=&#8221;left&#8221; i_icon_fontawesome=&#8221;fa fa-download&#8221; add_icon=&#8221;true&#8221; link=&#8221;url:%2Fwp-content%2Fuploads%2F2019%2F04%2Fzawiadomienie_o_zakonczeniu_budowy_wzor_dla_inwestora_0.pdf|title:plik%20do%20pobrania|target:%20_blank|&#8221;][\/vc_column][\/vc_row][vc_row][vc_column][vc_column_text]Pr\u00f3bna ewakuacja[\/vc_column_text][vc_btn title=&#8221;Druk &#8211; &#8222;Zg\u0142oszenie pr\u00f3bnej ewakaucji&#8222;&#8221; shape=&#8221;square&#8221; align=&#8221;left&#8221; i_icon_fontawesome=&#8221;fa fa-download&#8221; add_icon=&#8221;true&#8221; link=&#8221;url:%2Fwp-content%2Fuploads%2F2019%2F04%2Fzgloszenie_probnej_ewakuacji.pdf|title:plik%20do%20pobrania|target:%20_blank|&#8221;][vc_btn title=&#8221;Pobierz&#8221; shape=&#8221;square&#8221; align=&#8221;left&#8221; i_icon_fontawesome=&#8221;fa fa-download&#8221; add_icon=&#8221;true&#8221; link=&#8221;url:%2Fwp-content%2Fuploads%2F2019%2F04%2Fprotokol_probnej_ewakaucji.pdf|title:Druk%20-%20%22Protoko%C5%82%20probnej%20ewakaucji%22|target:%20_blank|&#8221;][\/vc_column][\/vc_row][vc_row][vc_column][vc_column_text]Monitoring po\u017carowy[\/vc_column_text][vc_column_text]Wymagania organizacyjno &#8211; techniczne dotycz\u0105ce uzgadniania przez [&hellip;]<\/p>\n","protected":false},"author":2,"featured_media":0,"parent":0,"menu_order":0,"comment_status":"closed","ping_status":"closed","template":"","meta":{"footnotes":"","_links_to":"","_links_to_target":""},"class_list":["post-165","page","type-page","status-publish","hentry"],"_links":{"self":[{"href":"http:\/\/www.straz.pulawy.pl\/index.php?rest_route=\/wp\/v2\/pages\/165","targetHints":{"allow":["GET"]}}],"collection":[{"href":"http:\/\/www.straz.pulawy.pl\/index.php?rest_route=\/wp\/v2\/pages"}],"about":[{"href":"http:\/\/www.straz.pulawy.pl\/index.php?rest_route=\/wp\/v2\/types\/page"}],"author":[{"embeddable":true,"href":"http:\/\/www.straz.pulawy.pl\/index.php?rest_route=\/wp\/v2\/users\/2"}],"replies":[{"embeddable":true,"href":"http:\/\/www.straz.pulawy.pl\/index.php?rest_route=%2Fwp%2Fv2%2Fcomments&post=165"}],"version-history":[{"count":7,"href":"http:\/\/www.straz.pulawy.pl\/index.php?rest_route=\/wp\/v2\/pages\/165\/revisions"}],"predecessor-version":[{"id":180,"href":"http:\/\/www.straz.pulawy.pl\/index.php?rest_route=\/wp\/v2\/pages\/165\/revisions\/180"}],"wp:attachment":[{"href":"http:\/\/www.straz.pulawy.pl\/index.php?rest_route=%2Fwp%2Fv2%2Fmedia&parent=165"}],"curies":[{"name":"wp","href":"https:\/\/api.w.org\/{rel}","templated":true}]}}